{"id":1141,"date":"2018-10-18T11:29:30","date_gmt":"2018-10-18T09:29:30","guid":{"rendered":"https:\/\/sac.stage.heyrobot.com\/?page_id=1141"},"modified":"2020-11-02T11:37:59","modified_gmt":"2020-11-02T10:37:59","slug":"privacy-policy","status":"publish","type":"page","link":"https:\/\/swissoriginalcannabis.com\/da\/privacy-policy\/","title":{"rendered":"Privatlivspolitik"},"content":{"rendered":"<p>Effective date: October 18, 2018<\/p>\n<p>SOC Switzerland GmbH (&#8220;us&#8221;, &#8220;we&#8221;, or &#8220;our&#8221;) operates the https:\/\/swissoriginalcannabis.com website (the &#8220;Service&#8221;).<\/p>\n<p>This page informs you of our policies regarding the collection, use, and disclosure of personal data when you use our Service and the choices you have associated with that data. Our Privacy Policy for SOC Switzerland GmbH is managed through <a href=\"https:\/\/www.freeprivacypolicy.com\/free-privacy-policy-generator.php\">Free Privacy Policy<\/a>.<\/p>\n<p>Vi bruger dine data til at levere og forbedre tjenesten. Ved brug af tjenesten accepterer du indsamling og brug af information i overensstemmelse med denne politik. Med mindre andet er defineret i vores fortrolighedspolitik, har de udtryk, der er brugt i vores fortrolighedspolitik, de samme betydninger som i vores vilk\u00e5r og betingelser, der er tilg\u00e6ngelige fra https:\/\/swissoriginalcannabis.com<\/p>\n<h2>Informationsindamling & Data<\/h2>\n<p>Vi indsamler forskellige typer information til forskellige form\u00e5l for at levere og forbedre vores service til dig.<\/p>\n<h3>Typer Indsamlet Data<\/h3>\n<h4>Personlig Data<\/h4>\n<p>Mens du bruger vores service, kan vi bede dig om at give os visse personligt identificerbare oplysninger, der kan bruges til at kontakte eller identificere dig. Personligt identificerbare oplysninger kan blandt andet omfatte, men er ikke begr\u00e6nset til:<\/p>\n<ul>\n<li>Email adresse<\/li>\n<li>Fornavn og efternavn<\/li>\n<li>Cookies og brugerdata<\/li>\n<\/ul>\n<h4>Brugerdata<\/h4>\n<p>Vi kan ogs\u00e5 indsamle oplysninger om, hvordan tjenesten f\u00e5r adgang til og bruges. Disse anvendelsesdata kan omfatte oplysninger s\u00e5som din computers internetprotokoladresse (f.eks. IP-adresse), browsertype, browserversion, siderne p\u00e5 vores tjeneste, du bes\u00f8ger, tid og dato for dit bes\u00f8g, den tid, der er brugt p\u00e5 disse sider, unik enhedsidentifikatorer og andre diagnostiske data.<\/p>\n<h4>Sporings- og Cookiedata<\/h4>\n<p>Vi bruger cookies og lignende sporingsteknologier til at spore aktiviteten p\u00e5 vores tjeneste og opbevarer visse oplysninger.<\/p>\n<p>Cookies er filer med en lille m\u00e6ngde data, der kan indeholde en anonym og unik identifikator. Cookies sendes til din browser fra et websted og gemmes p\u00e5 din enhed. Sporingsteknologier, der ogs\u00e5 bruges, er beacons, tags og scripts til at indsamle og spore information samt forbedre og analysere vores service.<\/p>\n<p>Du kan instruere din browser om at n\u00e6gte alle cookies eller angive, hvorn\u00e5r en cookie sendes. Dog skal det n\u00e6vnes, at du muligvis ikke kan bruge nogle dele af vores tjenester, hvis du ikke accepterer cookies.<\/p>\n<p>Eksempler p\u00e5 cookies vi bruger:<\/p>\n<ul>\n<li><strong>Session Cookies.<\/strong> Vi bruger Session Cookies til at operere vores service.<\/li>\n<li><strong>Preference Cookies.<\/strong> Vi bruger Preference Cookies til at huske dine pr\u00e6ferencer og\nforskellige indstillinger.<\/li>\n<li><strong>Security Cookies.<\/strong> \u200bVi bruger Security Cookies til sikkerhedsm\u00e6ssige form\u00e5l.<\/li>\n<\/ul>\n<h2>Brug af Data<\/h2>\n<p>SOC Switzerland GmbH uses the collected data for various purposes:<\/p>\n<ul>\n<li>At levere og vedligeholde tjenesten<\/li>\n<li>At underrette dig om \u00e6ndringer i vores service<\/li>\n<li>At give dig mulighed for at deltage i interaktive funktioner i vores tjeneste<\/li>\n<li>At yde kundepleje og support<\/li>\n<li>At levere analyser eller v\u00e6rdifuld information med henblik p\u00e5 at forbedre tjenesten<\/li>\n<li>At overv\u00e5ge brugen af tjenesten<\/li>\n<li>At opdage, forebygge og l\u00f8se tekniske problemer<\/li>\n<\/ul>\n<h2>Overf\u00f8rsel af Data<\/h2>\n<p>Dine oplysninger, inklusiv personlige data, kan overf\u00f8res til - og vedligeholdes p\u00e5 computere placeret uden for din stat, provins, land eller anden statslig jurisdiktion, hvor lovene om databeskyttelse kan afvige fra g\u00e6ldende love i din jurisdiktion.<\/p>\n<p>Hvis du er bosat uden for Schweiz og v\u00e6lger at give oplysninger til os, skal du v\u00e6re opm\u00e6rksom p\u00e5, at vi overf\u00f8rer dataene, inklusiv personlige data, til Schweiz og behandler dem der.<\/p>\n<p>Dit samtykke til denne personlighedspolitik efterfulgt af din indsendelse af s\u00e5danne oplysninger repr\u00e6senterer din aftale med denne overf\u00f8rsel.<\/p>\n<p>SOC Switzerland GmbH will take all steps reasonably necessary to ensure that your data is treated securely and in accordance with this Privacy Policy and no transfer of your Personal Data will take place to an organization or a country unless there are adequate controls in place including the security of your data and other personal information.<\/p>\n<h2>Videregivelse af Data<\/h2>\n<h3>Lovkrav<\/h3>\n<p>SOC Switzerland GmbH may disclose your Personal Data in the good faith belief that such action is necessary to:<\/p>\n<ul>\n<li>At overholde en lovlig forpligtelse<\/li>\n<li>To protect and defend the rights or property of SOC Switzerland GmbH<\/li>\n<li>At forhindre eller unders\u00f8ge mulige forseelser i forbindelse med tjenesten<\/li>\n<li>At beskytte den personlige sikkerhed for brugere af tjenesten eller offentligheden<\/li>\n<li>At beskytte mod juridisk ansvar<\/li>\n<\/ul>\n<h2>Sikkerhedsdata<\/h2>\n<p>Sikkerheden for dine data er vigtig for os, men husk at ingen metode til transmission over internettet eller metode til elektronisk opbevaring er 100% sikker. Selvom vi bestr\u00e6ber os p\u00e5 at bruge kommercielt acceptable midler til at beskytte dine personlige data, kan vi ikke garantere dets absolutte sikkerhed.<\/p>\n<h2>Serviceleverand\u00f8rer<\/h2>\n<p>Vi kan ans\u00e6tte tredjepartsfirmaer og enkeltpersoner til at lette vores service (\u201cTjenesteudbydere\u201d) til at levere service p\u00e5 vores vegne, til at udf\u00f8re servicerelaterede tjenester eller til at hj\u00e6lpe os med at analysere, hvordan vores tjeneste bruges og optimeres.<\/p>\n<p>Disse tredjeparter har kun adgang til dine personlige data til at udf\u00f8re disse opgaver p\u00e5 vores vegne og er forpligtet til ikke at videregive eller bruge dem til andre form\u00e5l.<\/p>\n<h3>Analytics<\/h3>\n<p>Vi kommer muligvis til at bruge tredjepartsudbydere til at monitorere og analysere brugen af vores service.<\/p>\n<ul>\n<li><strong>Google Analytics<\/strong>Google Analytics er en webanalysetjeneste, der tilbydes af Google, der sporer og rapporterer hjemmesidetrafik. Google bruger de indsamlede data til at spore og overv\u00e5ge brugen af vores service. Disse data deles med andre Google-tjenester. Google kan bruge de indsamlede data til at kontekstualisere og personalisere annoncerne i sit eget annoncenetv\u00e6rk.\n<p>Du kan frav\u00e6lge at have din aktivitet p\u00e5 tjenesten tilg\u00e6ngelig for Google Analytics ved at installere tilf\u00f8jelsesprogrammet til fravalg af Google Analytics. Tilf\u00f8jelsen forhindrer Google Analytics JavaScript (ga.js, analytics.js og dc.js) i at dele oplysninger med Google Analytics om bev\u00e6gelsesaktivitet.<\/p>\n<p>For mere information om Googles privatlivspraksis, kan du bes\u00f8ge Googles websted omhandlende privatliv og vilk\u00e5r: <a href=\"https:\/\/policies.google.com\/privacy?hl=da\">https:\/\/policies.google.com\/privacy?hl=da<\/a><\/li>\n<\/ul>\n<h2>Links til Tredjeparts Sider<\/h2>\n<p>Vores service kan indeholde links til andre sider, der ikke drives af os. Hvis du klikker p\u00e5 et tredjepartslink, ledes du til tredjeparts websted. Vi anbefaler p\u00e5 det kraftigste at gennemg\u00e5 fortrolighedspolitikken p\u00e5 hvert websted, du bes\u00f8ger.<\/p>\n<p>Vi har ingen kontrol over og p\u00e5tager os intet ansvar for indhold, privatlivspolitik eller praksis p\u00e5 tredjepartswebsteder eller tjenester.<\/p>\n<h2>B\u00f8rns Privatliv<\/h2>\n<p>Vores service henvender sig ikke til personer under 18 \u00e5r (\u201cB\u00f8rn\u201d).<\/p>\n<p>Vi indsamler bevidst ikke personligt identificerbare oplysninger fra nogen under 18 \u00e5r. Hvis du er for\u00e6lder eller v\u00e6rge og er opm\u00e6rksom p\u00e5, at dine b\u00f8rn har givet os personlige data, bedes du venligst kontakte os. Hvis vi bliver opm\u00e6rksomme p\u00e5, at vi har indsamlet personlige data fra b\u00f8rn uden bekr\u00e6ftelse af for\u00e6ldremyndighed, tager vi de n\u00f8dvendige tiltag til at fjerne disse oplysninger fra vores servere.<\/p>\n<h2>\u00c6ndringer af Privatlivspolitik<\/h2>\n<p>Vi opdaterer muligvis vores privatlivspolitik fra tid til anden. Vi vil underrette dig om \u00e6ndringer ved at l\u00e6gge den nye fortrolighedspolitik p\u00e5 denne side.<\/p>\n<p>Vi vil samtidig give dig besked via mail og\/eller meddelelse om \u00e6ndringerne i vores service, inden de tr\u00e6der i kraft. Vi opdaterer naturligvis ogs\u00e5 den angivne dato \u00f8verst i vores fortrolighedspolitik.<\/p>\n<p>Vi r\u00e5der dig til at gennemg\u00e5 denne fortrolighedspolitik regelm\u00e6ssigt for eventuelle \u00e6ndringer. En eventuel \u00e6ndring af vores privatlivspolitik er g\u00e6ldende, n\u00e5r de offentligg\u00f8res p\u00e5 denne side.<\/p>\n<h2>Kontakt Os<\/h2>\n<p>Hvis du har sp\u00f8rgsm\u00e5l om vores fortrolighedspolitik bedes du kontakte os p\u00e5 en af f\u00f8lgende m\u00e5der:<\/p>\n<ul>\n<li>Via mail: info@swissoriginalcannabis.com<\/li>\n<li>Ved at bes\u00f8ge f\u00f8lgende side p\u00e5 vores website: https:\/\/swissoriginalcannabis.com\/contact-us\/<\/li>\n<li>Via telefon: +41 78 905 07 18<\/li>\n<\/ul>","protected":false},"excerpt":{"rendered":"<p>Effective date: October 18, 2018 SOC Switzerland GmbH (&#8220;us&#8221;, &#8220;we&#8221;, or &#8220;our&#8221;) operates the https:\/\/swissoriginalcannabis.com website (the &#8220;Service&#8221;). This page informs you of our policies regarding the collection, use, and disclosure of personal data when you use our Service and the choices you have associated with that data. Our Privacy Policy for SOC Switzerland GmbH [&hellip;]<\/p>","protected":false},"author":1,"featured_media":0,"parent":0,"menu_order":5,"comment_status":"closed","ping_status":"closed","template":"","meta":{"_genesis_hide_title":false,"_genesis_hide_breadcrumbs":false,"_genesis_hide_singular_image":false,"_genesis_hide_footer_widgets":false,"_genesis_custom_body_class":"","_genesis_custom_post_class":"","_genesis_layout":""},"yoast_head":"<!-- This site is optimized with the Yoast SEO plugin v16.9 - https:\/\/yoast.com\/wordpress\/plugins\/seo\/ -->\n<title>Privacy policy - Swiss Original Cannabis<\/title>\n<meta name=\"description\" content=\"Information about our privacy policies regarding the collection, use, &amp; disclosure of personal data when using our service &amp; the choices you have associated\" \/>\n<meta name=\"robots\" content=\"index, follow, max-snippet:-1, max-image-preview:large, max-video-preview:-1\" \/>\n<link rel=\"canonical\" href=\"https:\/\/swissoriginalcannabis.com\/da\/privacy-policy\/\" \/>\n<meta property=\"og:locale\" content=\"da_DK\" \/>\n<meta property=\"og:type\" content=\"article\" \/>\n<meta property=\"og:title\" content=\"Privacy policy - Swiss Original Cannabis\" \/>\n<meta property=\"og:description\" content=\"Information about our privacy policies regarding the collection, use, &amp; disclosure of personal data when using our service &amp; the choices you have associated\" \/>\n<meta property=\"og:url\" content=\"https:\/\/swissoriginalcannabis.com\/da\/privacy-policy\/\" \/>\n<meta property=\"og:site_name\" content=\"Swiss Original Cannabis\" \/>\n<meta property=\"article:modified_time\" content=\"2020-11-02T10:37:59+00:00\" \/>\n<meta name=\"twitter:card\" content=\"summary_large_image\" \/>\n<meta name=\"twitter:label1\" content=\"Estimeret l\u00e6setid\" \/>\n\t<meta name=\"twitter:data1\" content=\"6 minutter\" \/>\n<script type=\"application\/ld+json\" class=\"yoast-schema-graph\">{\"@context\":\"https:\/\/schema.org\",\"@graph\":[{\"@type\":\"Organization\",\"@id\":\"https:\/\/swissoriginalcannabis.com\/#organization\",\"name\":\"Swiss Original Cannabis\",\"url\":\"https:\/\/swissoriginalcannabis.com\/\",\"sameAs\":[],\"logo\":{\"@type\":\"ImageObject\",\"@id\":\"https:\/\/swissoriginalcannabis.com\/#logo\",\"inLanguage\":\"da-DK\",\"url\":\"https:\/\/swissoriginalcannabis.com\/wp-content\/uploads\/2019\/09\/swiss_logo_1920x1080.png\",\"contentUrl\":\"https:\/\/swissoriginalcannabis.com\/wp-content\/uploads\/2019\/09\/swiss_logo_1920x1080.png\",\"width\":1920,\"height\":1080,\"caption\":\"Swiss Original Cannabis\"},\"image\":{\"@id\":\"https:\/\/swissoriginalcannabis.com\/#logo\"}},{\"@type\":\"WebSite\",\"@id\":\"https:\/\/swissoriginalcannabis.com\/#website\",\"url\":\"https:\/\/swissoriginalcannabis.com\/\",\"name\":\"Swiss Original Cannabis\",\"description\":\"High quality CBD oil - Get Well, Not HIGH\",\"publisher\":{\"@id\":\"https:\/\/swissoriginalcannabis.com\/#organization\"},\"potentialAction\":[{\"@type\":\"SearchAction\",\"target\":{\"@type\":\"EntryPoint\",\"urlTemplate\":\"https:\/\/swissoriginalcannabis.com\/?s={search_term_string}\"},\"query-input\":\"required name=search_term_string\"}],\"inLanguage\":\"da-DK\"},{\"@type\":\"WebPage\",\"@id\":\"https:\/\/swissoriginalcannabis.com\/privacy-policy\/#webpage\",\"url\":\"https:\/\/swissoriginalcannabis.com\/privacy-policy\/\",\"name\":\"Privacy policy - Swiss Original Cannabis\",\"isPartOf\":{\"@id\":\"https:\/\/swissoriginalcannabis.com\/#website\"},\"datePublished\":\"2018-10-18T09:29:30+00:00\",\"dateModified\":\"2020-11-02T10:37:59+00:00\",\"description\":\"Information about our privacy policies regarding the collection, use, & disclosure of personal data when using our service & the choices you have associated\",\"breadcrumb\":{\"@id\":\"https:\/\/swissoriginalcannabis.com\/privacy-policy\/#breadcrumb\"},\"inLanguage\":\"da-DK\",\"potentialAction\":[{\"@type\":\"ReadAction\",\"target\":[\"https:\/\/swissoriginalcannabis.com\/privacy-policy\/\"]}]},{\"@type\":\"BreadcrumbList\",\"@id\":\"https:\/\/swissoriginalcannabis.com\/privacy-policy\/#breadcrumb\",\"itemListElement\":[{\"@type\":\"ListItem\",\"position\":1,\"name\":\"Home\",\"item\":\"https:\/\/swissoriginalcannabis.com\/\"},{\"@type\":\"ListItem\",\"position\":2,\"name\":\"Privacy policy\"}]}]}<\/script>\n<!-- \/ Yoast SEO plugin. -->","yoast_head_json":{"title":"Privacy policy - Swiss Original Cannabis","description":"Information about our privacy policies regarding the collection, use, & disclosure of personal data when using our service & the choices you have associated","robots":{"index":"index","follow":"follow","max-snippet":"max-snippet:-1","max-image-preview":"max-image-preview:large","max-video-preview":"max-video-preview:-1"},"canonical":"https:\/\/swissoriginalcannabis.com\/da\/privacy-policy\/","og_locale":"da_DK","og_type":"article","og_title":"Privacy policy - Swiss Original Cannabis","og_description":"Information about our privacy policies regarding the collection, use, & disclosure of personal data when using our service & the choices you have associated","og_url":"https:\/\/swissoriginalcannabis.com\/da\/privacy-policy\/","og_site_name":"Swiss Original Cannabis","article_modified_time":"2020-11-02T10:37:59+00:00","twitter_card":"summary_large_image","twitter_misc":{"Estimeret l\u00e6setid":"6 minutter"},"schema":{"@context":"https:\/\/schema.org","@graph":[{"@type":"Organization","@id":"https:\/\/swissoriginalcannabis.com\/#organization","name":"Swiss Original Cannabis","url":"https:\/\/swissoriginalcannabis.com\/","sameAs":[],"logo":{"@type":"ImageObject","@id":"https:\/\/swissoriginalcannabis.com\/#logo","inLanguage":"da-DK","url":"https:\/\/swissoriginalcannabis.com\/wp-content\/uploads\/2019\/09\/swiss_logo_1920x1080.png","contentUrl":"https:\/\/swissoriginalcannabis.com\/wp-content\/uploads\/2019\/09\/swiss_logo_1920x1080.png","width":1920,"height":1080,"caption":"Swiss Original Cannabis"},"image":{"@id":"https:\/\/swissoriginalcannabis.com\/#logo"}},{"@type":"WebSite","@id":"https:\/\/swissoriginalcannabis.com\/#website","url":"https:\/\/swissoriginalcannabis.com\/","name":"Swiss Original Cannabis","description":"High quality CBD oil - Get Well, Not HIGH","publisher":{"@id":"https:\/\/swissoriginalcannabis.com\/#organization"},"potentialAction":[{"@type":"SearchAction","target":{"@type":"EntryPoint","urlTemplate":"https:\/\/swissoriginalcannabis.com\/?s={search_term_string}"},"query-input":"required name=search_term_string"}],"inLanguage":"da-DK"},{"@type":"WebPage","@id":"https:\/\/swissoriginalcannabis.com\/privacy-policy\/#webpage","url":"https:\/\/swissoriginalcannabis.com\/privacy-policy\/","name":"Privacy policy - Swiss Original Cannabis","isPartOf":{"@id":"https:\/\/swissoriginalcannabis.com\/#website"},"datePublished":"2018-10-18T09:29:30+00:00","dateModified":"2020-11-02T10:37:59+00:00","description":"Information about our privacy policies regarding the collection, use, & disclosure of personal data when using our service & the choices you have associated","breadcrumb":{"@id":"https:\/\/swissoriginalcannabis.com\/privacy-policy\/#breadcrumb"},"inLanguage":"da-DK","potentialAction":[{"@type":"ReadAction","target":["https:\/\/swissoriginalcannabis.com\/privacy-policy\/"]}]},{"@type":"BreadcrumbList","@id":"https:\/\/swissoriginalcannabis.com\/privacy-policy\/#breadcrumb","itemListElement":[{"@type":"ListItem","position":1,"name":"Home","item":"https:\/\/swissoriginalcannabis.com\/"},{"@type":"ListItem","position":2,"name":"Privacy policy"}]}]}},"_links":{"self":[{"href":"https:\/\/swissoriginalcannabis.com\/da\/wp-json\/wp\/v2\/pages\/1141"}],"collection":[{"href":"https:\/\/swissoriginalcannabis.com\/da\/wp-json\/wp\/v2\/pages"}],"about":[{"href":"https:\/\/swissoriginalcannabis.com\/da\/wp-json\/wp\/v2\/types\/page"}],"author":[{"embeddable":true,"href":"https:\/\/swissoriginalcannabis.com\/da\/wp-json\/wp\/v2\/users\/1"}],"replies":[{"embeddable":true,"href":"https:\/\/swissoriginalcannabis.com\/da\/wp-json\/wp\/v2\/comments?post=1141"}],"version-history":[{"count":1,"href":"https:\/\/swissoriginalcannabis.com\/da\/wp-json\/wp\/v2\/pages\/1141\/revisions"}],"predecessor-version":[{"id":2296,"href":"https:\/\/swissoriginalcannabis.com\/da\/wp-json\/wp\/v2\/pages\/1141\/revisions\/2296"}],"wp:attachment":[{"href":"https:\/\/swissoriginalcannabis.com\/da\/wp-json\/wp\/v2\/media?parent=1141"}],"curies":[{"name":"wp","href":"https:\/\/api.w.org\/{rel}","templated":true}]}}