{"id":1197,"date":"2019-05-23T16:41:56","date_gmt":"2019-05-23T14:41:56","guid":{"rendered":"https:\/\/swissoriginalcannabis.com\/?page_id=1197"},"modified":"2020-11-02T11:41:44","modified_gmt":"2020-11-02T10:41:44","slug":"terms-conditions","status":"publish","type":"page","link":"https:\/\/swissoriginalcannabis.com\/da\/terms-conditions\/","title":{"rendered":"Vilk\u00e5r og betingelser"},"content":{"rendered":"<p><strong>FIRMAINFORMATION<\/strong><br>SOC Switzerland GmbH<br>Hofackerstrasse 77<br>4132 Muttenz<br>Switzerland<br>VAT: CHE-353.567.459<br>Telephone: +41 44 505 15 99 (Monday \u2013 Friday: 09:00 \u2013 17:00)<br>Email: info@swissoriginalcannabis.com <\/p>\n\n\n\n<h3>BETALING<\/h3>\n\n\n\n<p>SOC Switzerland GmbH receives online payments with Dankort, Visa \/ Dankort, Visa, Mastercard, Mobilepay Online, Visa Electron.<br>Betalingen tr\u00e6kkes f\u00f8rst fra din konto, n\u00e5r den fysiske vare sendes, eller det virtuelle produkt oprettes, med mindre andet er aftalt eller anf\u00f8rt i din ordre.<\/p>\n\n\n\n<p>Alle bel\u00f8b p\u00e5 hjemmesiden er inklusiv moms.<br>Hjemmesiden anvender f\u00f8lgende valutaer til prisfasts\u00e6ttelse:<br>Euro &#8211; Euro (\u20ac)<br>Swiss Franc &#8211; Franc (Fr)<br>Great British Pound &#8211; GBP (\u00a3)<\/p>\n\n\n\n<p>SOC Switzerland GmbH uses a secure payment server that encrypts all information with SSL protocol which means your data is secure and cannot be read by other outside parties.<br>SOC Switzerland GmbH\u2019s own website also uses SSL protocol encryption.<\/p>\n\n\n\n<h3>LEVERING<\/h3>\n\n\n\n<p>Vi leverer varer til Storbritannien, Schweiz, Tyskland, Holland, Belgien, Spanien, Italien, Frankrig, Danmark, Norge, Sverige og resten af Europa. Vi leverer ogs\u00e5 til Australien. Leveringstiden for din ordre forventes at tage 2-3 arbejdsdage.<\/p>\n\n\n\n<p>SOC Switzerland GmbH ships the following items: DHL<br>Forsendelse beregnes ud fra v\u00e6gt.<\/p>\n\n\n\n<p>Du kan v\u00e6lge mellem at f\u00e5 pakken tilsendt \u201cuden distribution\u201d eller \u201cmed distribution\u201d.<br>Du vil modtage et sporingsnummer, s\u00e5 du kan f\u00f8lge din pakkes rejse fra vores varelager og hjem til din hovedd\u00f8r.<\/p>\n\n\n\n<h3>AFBESTILLING<\/h3>\n\n\n\n<p>Der gives 14 dages fuld returret p\u00e5 varer, der er k\u00f8bt p\u00e5 hjemmesiden, med mindre andet er aftalt eller anf\u00f8rt i din ordre.<br>Den 14-dages periode starter den dag ordren leveres.<\/p>\n\n\n\n<p>Eventuelle returomkostninger betales af modtager.<\/p>\n\n\n\n<p>Anmodning om afbestilling skal ske senest 14 dage efter levering. Varen skal v\u00e6re os i h\u00e6nde senest 14 dage efter, at vi er blevet informeret om, at du \u00f8nsker at g\u00f8re brug af din afbestillings- og returret.<\/p>\n\n\n\n<p>Anmodning om brug af fortrydelsesretten skal sendes til mail \u200binfo@swissoriginalcannabis.com\u200b. Henvendelsen skal tydeligt indikere dit \u00f8nske om at g\u00f8re brug af fortrydelsesretten.<\/p>\n\n\n\n<h3>RETURVARER<\/h3>\n\n\n\n<p>Du er ansvarlig for forringelse af v\u00e6rdien af varerne grundet anden h\u00e5ndtering, end det der er n\u00f8dvendigt for at bestemme varens art, egenskaber og funktion. Det betyder, at du er n\u00f8dt til at pr\u00f8ve varen p\u00e5 samme m\u00e5de, som hvis du var i en fysisk butik.<\/p>\n\n\n\n<p>If the item is tried in addition to what is described above, it is considered used and of impaired value. This means that when you cancel your purchase, you will receive a small portion or none of the purchase amount. It is up to SOC Switzerland GmbH to assess the condition of the product.<\/p>\n\n\n\n<h3>REKLAMATIONSRET<\/h3>\n\n\n\n<p>Der ydes en 2-\u00e5rs garanti p\u00e5 produkter i henhold til den europ\u00e6iske k\u00f8belov. Reklamationsretten g\u00e6lder for alle fejl og mangler i software, materiale og fabrikation.<\/p>\n\n\n\n<p>Complaint regarding errors and deficiencies must be communicated to SOC Switzerland GmbH within a reasonable time after receipt of the goods. Here, max. two months as a reasonable time, unless otherwise agreed. We refund reasonable shipping costs.<br>Klagen bortfalder ved forkert eller us\u00e6dvanlig betjening af produktet.<\/p>\n\n\n\n<p>SOC Switzerland GmbH covers the return costs to a reasonable extent.<br>Venligst kontakt os ved returnering:<\/p>\n\n\n\n<p><strong>SOC Switzerland GmbH<\/strong><br>Hofackerstrasse 77<br>4132 Muttenz<br>Switzerland<br>Telephone: +41 44 505 15 99 (Monday \u2013 Friday: 09:00 \u2013 17:00)<br>Email: info@swissoriginalcannabis.com<\/p>\n\n\n\n<p>Klager modtages ikke, hvis disse sendes p\u00e5 foresp\u00f8rgsel.<\/p>\n\n\n\n<h3>KUNDE OG PRIVATLIVSPOLITIK<\/h3>\n\n\n\n<p>Vi videres\u00e6lger ikke personlige oplysninger og videregiver ikke dine personlige oplysninger til andre. De registreres kun i vores kundekatalog. Du kan n\u00e5r som helst slette dine oplysninge<\/p>\n\n\n\n<p>In order to enter into an agreement with SOC Switzerland GmbH, we need the following information:<br>. Navn<br>. Adresse<br>. Telefonnummer<br>. Email adresse<\/p>\n\n\n\n<p>Vi registrerer dine personlige data med det form\u00e5l at levere varerne til dig.<br>The personal data is registered with SOC Switzerland GmbH and stored for up to five years, after which the information is deleted.<\/p>\n\n\n\n<p>N\u00e5r personlige data indsamles via vores hjemmeside, sikrer vi, at det altid sker, n\u00e5r du giver dit udtrykkelige samtykke, s\u00e5ledes at du informeres om, hvilke oplysninger, der indsamles og hvorfor.<\/p>\n\n\n\n<p>The Director and employees of SOC Switzerland GmbH have access to the information recorded about you.<br>The data controller of SOC Switzerland GmbH is:<\/p>\n\n\n\n<p>Vi lagrer og transmitterer ikke krypteret kundeinformation.<\/p>\n\n\n\n<p>As registered with SOC Switzerland GmbH, you always have the right to object to the registration. You also have the right to insight into what information is recorded about you. You have these rights under the Personal Data Act and in connection with this you are directed to info@swissoriginalcannabis.com.<\/p>\n\n\n\n<h3>Cookies<\/h3>\n\n\n\n<p>P\u00e5 \u200bwww.swissoriginalcannabis.com bruges cookies til at optimere hjemmesiden og dens funktionalitet med henblik p\u00e5 at g\u00f8re bes\u00f8get s\u00e5 let og problemfrit som muligt for dig.<\/p>\n\n\n\n<p>Du kan til enhver tid slette cookies fra din computer afh\u00e6ngigt af din browser.<\/p>\n\n\n\n<h3>Legal<\/h3>\n\n\n\n<p>Klager over produkter kan sendes til:<br>Konkurrence- og Forbrugermyndighederne<br>Carl Jacobsens Road 35<br>2500 Valby<br>www.forbrug.dk<\/p>\n\n\n\n<p>For EU-borgere udenfor EU skal klages sendes via EU-Kommissionens online klageplatform.<br>ec.europa.eu<\/p>\n\n\n\n<p>I tilf\u00e6lde af klager skal f\u00f8lgende mail angives \u200binfo@swissoriginalcannabis.com samt det websted, hvor du k\u00f8bte varen.<\/p>","protected":false},"excerpt":{"rendered":"<p>COMPANY INFORMATIONSOC Switzerland GmbHHofackerstrasse 774132 MuttenzSwitzerlandVAT: CHE-353.567.459Telephone: +41 44 505 15 99 (Monday \u2013 Friday: 09:00 \u2013 17:00)Email: info@swissoriginalcannabis.com PAYMENT SOC Switzerland GmbH receives online payments with Dankort, Visa \/ Dankort, Visa, Mastercard, Mobilepay Online, Visa Electron.Payment will only be deducted from your account when the physical item is shipped or the virtual product is [&hellip;]<\/p>","protected":false},"author":1,"featured_media":0,"parent":0,"menu_order":3,"comment_status":"closed","ping_status":"closed","template":"","meta":{"_genesis_hide_title":false,"_genesis_hide_breadcrumbs":false,"_genesis_hide_singular_image":false,"_genesis_hide_footer_widgets":false,"_genesis_custom_body_class":"","_genesis_custom_post_class":"","_genesis_layout":""},"yoast_head":"<!-- This site is optimized with the Yoast SEO plugin v16.9 - https:\/\/yoast.com\/wordpress\/plugins\/seo\/ -->\n<title>Terms &amp; Conditions - Swiss Original Cannabis<\/title>\n<meta name=\"description\" content=\"Our customer service team has many years of experience within the cbd industry. Having helped thousands of people, we are looking forward to help you aswell\" \/>\n<meta name=\"robots\" content=\"index, follow, max-snippet:-1, max-image-preview:large, max-video-preview:-1\" \/>\n<link rel=\"canonical\" href=\"https:\/\/swissoriginalcannabis.com\/da\/terms-conditions\/\" \/>\n<meta property=\"og:locale\" content=\"da_DK\" \/>\n<meta property=\"og:type\" content=\"article\" \/>\n<meta property=\"og:title\" content=\"Terms &amp; Conditions - Swiss Original Cannabis\" \/>\n<meta property=\"og:description\" content=\"Our customer service team has many years of experience within the cbd industry. Having helped thousands of people, we are looking forward to help you aswell\" \/>\n<meta property=\"og:url\" content=\"https:\/\/swissoriginalcannabis.com\/da\/terms-conditions\/\" \/>\n<meta property=\"og:site_name\" content=\"Swiss Original Cannabis\" \/>\n<meta property=\"article:modified_time\" content=\"2020-11-02T10:41:44+00:00\" \/>\n<meta name=\"twitter:card\" content=\"summary_large_image\" \/>\n<meta name=\"twitter:label1\" content=\"Estimeret l\u00e6setid\" \/>\n\t<meta name=\"twitter:data1\" content=\"4 minutter\" \/>\n<script type=\"application\/ld+json\" class=\"yoast-schema-graph\">{\"@context\":\"https:\/\/schema.org\",\"@graph\":[{\"@type\":\"Organization\",\"@id\":\"https:\/\/swissoriginalcannabis.com\/#organization\",\"name\":\"Swiss Original Cannabis\",\"url\":\"https:\/\/swissoriginalcannabis.com\/\",\"sameAs\":[],\"logo\":{\"@type\":\"ImageObject\",\"@id\":\"https:\/\/swissoriginalcannabis.com\/#logo\",\"inLanguage\":\"da-DK\",\"url\":\"https:\/\/swissoriginalcannabis.com\/wp-content\/uploads\/2019\/09\/swiss_logo_1920x1080.png\",\"contentUrl\":\"https:\/\/swissoriginalcannabis.com\/wp-content\/uploads\/2019\/09\/swiss_logo_1920x1080.png\",\"width\":1920,\"height\":1080,\"caption\":\"Swiss Original Cannabis\"},\"image\":{\"@id\":\"https:\/\/swissoriginalcannabis.com\/#logo\"}},{\"@type\":\"WebSite\",\"@id\":\"https:\/\/swissoriginalcannabis.com\/#website\",\"url\":\"https:\/\/swissoriginalcannabis.com\/\",\"name\":\"Swiss Original Cannabis\",\"description\":\"High quality CBD oil - Get Well, Not HIGH\",\"publisher\":{\"@id\":\"https:\/\/swissoriginalcannabis.com\/#organization\"},\"potentialAction\":[{\"@type\":\"SearchAction\",\"target\":{\"@type\":\"EntryPoint\",\"urlTemplate\":\"https:\/\/swissoriginalcannabis.com\/?s={search_term_string}\"},\"query-input\":\"required name=search_term_string\"}],\"inLanguage\":\"da-DK\"},{\"@type\":\"WebPage\",\"@id\":\"https:\/\/swissoriginalcannabis.com\/terms-conditions\/#webpage\",\"url\":\"https:\/\/swissoriginalcannabis.com\/terms-conditions\/\",\"name\":\"Terms & Conditions - Swiss Original Cannabis\",\"isPartOf\":{\"@id\":\"https:\/\/swissoriginalcannabis.com\/#website\"},\"datePublished\":\"2019-05-23T14:41:56+00:00\",\"dateModified\":\"2020-11-02T10:41:44+00:00\",\"description\":\"Our customer service team has many years of experience within the cbd industry. Having helped thousands of people, we are looking forward to help you aswell\",\"breadcrumb\":{\"@id\":\"https:\/\/swissoriginalcannabis.com\/terms-conditions\/#breadcrumb\"},\"inLanguage\":\"da-DK\",\"potentialAction\":[{\"@type\":\"ReadAction\",\"target\":[\"https:\/\/swissoriginalcannabis.com\/terms-conditions\/\"]}]},{\"@type\":\"BreadcrumbList\",\"@id\":\"https:\/\/swissoriginalcannabis.com\/terms-conditions\/#breadcrumb\",\"itemListElement\":[{\"@type\":\"ListItem\",\"position\":1,\"name\":\"Home\",\"item\":\"https:\/\/swissoriginalcannabis.com\/\"},{\"@type\":\"ListItem\",\"position\":2,\"name\":\"Terms &#038; Conditions\"}]}]}<\/script>\n<!-- \/ Yoast SEO plugin. -->","yoast_head_json":{"title":"Terms & Conditions - Swiss Original Cannabis","description":"Our customer service team has many years of experience within the cbd industry. Having helped thousands of people, we are looking forward to help you aswell","robots":{"index":"index","follow":"follow","max-snippet":"max-snippet:-1","max-image-preview":"max-image-preview:large","max-video-preview":"max-video-preview:-1"},"canonical":"https:\/\/swissoriginalcannabis.com\/da\/terms-conditions\/","og_locale":"da_DK","og_type":"article","og_title":"Terms & Conditions - Swiss Original Cannabis","og_description":"Our customer service team has many years of experience within the cbd industry. Having helped thousands of people, we are looking forward to help you aswell","og_url":"https:\/\/swissoriginalcannabis.com\/da\/terms-conditions\/","og_site_name":"Swiss Original Cannabis","article_modified_time":"2020-11-02T10:41:44+00:00","twitter_card":"summary_large_image","twitter_misc":{"Estimeret l\u00e6setid":"4 minutter"},"schema":{"@context":"https:\/\/schema.org","@graph":[{"@type":"Organization","@id":"https:\/\/swissoriginalcannabis.com\/#organization","name":"Swiss Original Cannabis","url":"https:\/\/swissoriginalcannabis.com\/","sameAs":[],"logo":{"@type":"ImageObject","@id":"https:\/\/swissoriginalcannabis.com\/#logo","inLanguage":"da-DK","url":"https:\/\/swissoriginalcannabis.com\/wp-content\/uploads\/2019\/09\/swiss_logo_1920x1080.png","contentUrl":"https:\/\/swissoriginalcannabis.com\/wp-content\/uploads\/2019\/09\/swiss_logo_1920x1080.png","width":1920,"height":1080,"caption":"Swiss Original Cannabis"},"image":{"@id":"https:\/\/swissoriginalcannabis.com\/#logo"}},{"@type":"WebSite","@id":"https:\/\/swissoriginalcannabis.com\/#website","url":"https:\/\/swissoriginalcannabis.com\/","name":"Swiss Original Cannabis","description":"High quality CBD oil - Get Well, Not HIGH","publisher":{"@id":"https:\/\/swissoriginalcannabis.com\/#organization"},"potentialAction":[{"@type":"SearchAction","target":{"@type":"EntryPoint","urlTemplate":"https:\/\/swissoriginalcannabis.com\/?s={search_term_string}"},"query-input":"required name=search_term_string"}],"inLanguage":"da-DK"},{"@type":"WebPage","@id":"https:\/\/swissoriginalcannabis.com\/terms-conditions\/#webpage","url":"https:\/\/swissoriginalcannabis.com\/terms-conditions\/","name":"Terms & Conditions - Swiss Original Cannabis","isPartOf":{"@id":"https:\/\/swissoriginalcannabis.com\/#website"},"datePublished":"2019-05-23T14:41:56+00:00","dateModified":"2020-11-02T10:41:44+00:00","description":"Our customer service team has many years of experience within the cbd industry. Having helped thousands of people, we are looking forward to help you aswell","breadcrumb":{"@id":"https:\/\/swissoriginalcannabis.com\/terms-conditions\/#breadcrumb"},"inLanguage":"da-DK","potentialAction":[{"@type":"ReadAction","target":["https:\/\/swissoriginalcannabis.com\/terms-conditions\/"]}]},{"@type":"BreadcrumbList","@id":"https:\/\/swissoriginalcannabis.com\/terms-conditions\/#breadcrumb","itemListElement":[{"@type":"ListItem","position":1,"name":"Home","item":"https:\/\/swissoriginalcannabis.com\/"},{"@type":"ListItem","position":2,"name":"Terms &#038; Conditions"}]}]}},"_links":{"self":[{"href":"https:\/\/swissoriginalcannabis.com\/da\/wp-json\/wp\/v2\/pages\/1197"}],"collection":[{"href":"https:\/\/swissoriginalcannabis.com\/da\/wp-json\/wp\/v2\/pages"}],"about":[{"href":"https:\/\/swissoriginalcannabis.com\/da\/wp-json\/wp\/v2\/types\/page"}],"author":[{"embeddable":true,"href":"https:\/\/swissoriginalcannabis.com\/da\/wp-json\/wp\/v2\/users\/1"}],"replies":[{"embeddable":true,"href":"https:\/\/swissoriginalcannabis.com\/da\/wp-json\/wp\/v2\/comments?post=1197"}],"version-history":[{"count":2,"href":"https:\/\/swissoriginalcannabis.com\/da\/wp-json\/wp\/v2\/pages\/1197\/revisions"}],"predecessor-version":[{"id":2298,"href":"https:\/\/swissoriginalcannabis.com\/da\/wp-json\/wp\/v2\/pages\/1197\/revisions\/2298"}],"wp:attachment":[{"href":"https:\/\/swissoriginalcannabis.com\/da\/wp-json\/wp\/v2\/media?parent=1197"}],"curies":[{"name":"wp","href":"https:\/\/api.w.org\/{rel}","templated":true}]}}