{"id":1121,"date":"2018-10-16T09:26:35","date_gmt":"2018-10-16T07:26:35","guid":{"rendered":"https:\/\/sac.stage.heyrobot.com\/?post_type=product&#038;p=1121"},"modified":"2021-08-14T15:09:16","modified_gmt":"2021-08-14T13:09:16","slug":"10-full-spectrum-cbd-oil","status":"publish","type":"product","link":"https:\/\/swissoriginalcannabis.com\/da\/vare\/10-full-spectrum-cbd-oil\/","title":{"rendered":"10% Fuld Spektrum CBD Olie"},"content":{"rendered":"<p>I vores 10% Fuld Spektrum CBD Olie har vi tilf\u00f8jet CBD-ekstraktet til en h\u00f8jkvalitets hampefr\u00f8olie fra Danmark. Derved er kosttilskuddet nemt at indtage, hvorfor du let kan f\u00e5 gavn af alle CBD-oliens fordele for dit helbred og velv\u00e6re p\u00e5 daglig basis.\n\nHos Swiss Original Cannabis er det vores mission at tage kvaliteten til nye h\u00f8jder og skabe et overlegent produkt baseret p\u00e5 naturlige ingredienser. N\u00e5r vi taler om CBD-olie, er det vigtigt at understrege, at du ikke bliver h\u00f8j eller f\u00f8ler dig p\u00e5virket, n\u00e5r du bruger CBD-olie, men snarere f\u00e5r en \u00f8get f\u00f8lelse af at v\u00e6re i balance. Et par dr\u00e5ber 10% Fuld Spektrum CBD Olie om dagen kan g\u00f8re en betydelig forskel. \n\nAlle Swiss Original Cannabis-produkter testes af tredjeparts-dermatologer i et EU-godkendt laboratorium. Alle produkterne er allergivenlige og veganske. \nGet well, not high.<\/p>\n<h4>Anvendelse:<\/h4>\n<p>Den mest almindelige m\u00e5de at indtage CBD olie p\u00e5 er under tungen. Vi anbefaler at starte med ca. 3-5 dr\u00e5ber ad gangen 2-3 gange dagligt. Lad olien blive liggende under tungen i 30 sekunder, inden du synker. Du skal vente 15 minutter med at spise efter indtagelse af CBD-olie. Til geng\u00e6ld er det godt at drikke noget varmt b\u00e5de f\u00f8r og efter. CBD-olie har en markant og karakteristisk smag, som kan virke afskr\u00e6kkende, men som med alt andet vender kroppen sig med tiden til smagen. Folk reagerer meget forskelligt p\u00e5 CBD \u2013 det afh\u00e6nger bl.a. af v\u00e6gt og stofskifte. Derfor er det altid en god ide at starte med s\u00e5 lav en dosis som muligt og gradvist opgradere, indtil du m\u00e6rker den \u00f8nskede effekt fra cannabinoiderne. Olien b\u00f8r omrystes f\u00f8r brug. Der er ikke forskningsm\u00e6ssig enighed om, hvordan CBD virker som medicinsk behandling. Det er derfor ikke vores hensigt at vejlede om CBD-produkter i denne sammenh\u00e6ng. Der er dog evidens for, at CBD har en sundhedsgavnlig effekt. Flere forskellige unders\u00f8gelser har vist, at CBD kan have anti-inflammatoriske virkninger p\u00e5 kroppen, som kan beskytte dig mod flere sygdomme. Det kan generelt siges, at CBD har en gavnlig effekt p\u00e5 ens sundhed og velv\u00e6re. Men derudover viser en r\u00e6kke forskningsresultater ogs\u00e5, at olien kan hj\u00e6lpe mod stress, angst og ubehag og have en lindrende effekt p\u00e5 generelle smerter.<\/p>\n<h4>Opbevaring:<\/h4>\n<p>For at bevare friskheden i produktet anbefaler vi, at du opbevarer Fuld Spektrum CBD Olie et m\u00f8rkt og k\u00f8ligt sted.<\/p>\n<p><a href=\"https:\/\/swissoriginalcannabis.com\/wp-content\/uploads\/2019\/09\/LU.227.002-05.pdf\" target=\"_blank\" rel=\"noopener noreferrer\">Download analyse som PDF<\/a><\/p>","protected":false},"excerpt":{"rendered":"<p><b>10% Full Spectrum CBD Oil 10 ml<\/b><\/p>\n[show_analysis]\n<p>Vi har alle gode og d\u00e5rlige dage. Vi ved, at jo mere afslappede og fokuserede vi f\u00f8ler os, jo mere positive og glade er vi. Kosttilskuddet CBD-olie har en beroligende effekt og er derfor verden over blevet et popul\u00e6rt supplement til at skabe mindfulness og velv\u00e6re i hverdagen. \n\nVores 10% Fuld Spektrum CBD Olie er et kosttilskud, som indeholder alle cannabinoiderne fra CBD-cannabisplanten og ikke kun den isolerede CBD, som er tilf\u00e6ldet for mange andre CBD-produkter og -brands p\u00e5 markedet. \n\nVi dyrker vores CBD-cannabisplanter p\u00e5 egne faciliteter i Schweiz for at sikre den bedst mulige kvalitet. CBD kan lindre kroniske smerter, styrke immunforsvaret og give velv\u00e6re til din krop og dit sind gennem nervesystemet. CBD har eksisteret i tusindvis af \u00e5r, men f\u00f8rst i de seneste \u00e5r er CBD-cannabisprodukter blevet lettilg\u00e6ngelige.<\/p>\n<p><strong>Indhold af Cannabinoids:<\/strong><br \/>\n- CBD 10,00 %<br \/>\n- CBC 0,23 %<br \/>\n- CGB 0,17 %<br \/>\n- THC 0,19 %<\/p>","protected":false},"featured_media":1870,"menu_order":4,"comment_status":"closed","ping_status":"closed","template":"","meta":{"_genesis_hide_title":false,"_genesis_hide_breadcrumbs":false,"_genesis_hide_singular_image":false,"_genesis_hide_footer_widgets":false,"_genesis_custom_body_class":"","_genesis_custom_post_class":"","_genesis_layout":""},"product_cat":[56],"product_tag":[],"yoast_head":"<!-- This site is optimized with the Yoast SEO plugin v16.9 - https:\/\/yoast.com\/wordpress\/plugins\/seo\/ -->\n<title>10% Full Spectrum CBD Oil - Swiss Original Cannabis<\/title>\n<meta name=\"description\" content=\"Organic full spectrum CBD Oil 10% \/ 500mg | 3rd Party Lab Tested | Legal in EU | High Quality, certified CBD oil\" \/>\n<meta name=\"robots\" content=\"index, follow, max-snippet:-1, max-image-preview:large, max-video-preview:-1\" \/>\n<link rel=\"canonical\" href=\"https:\/\/swissoriginalcannabis.com\/da\/vare\/10-full-spectrum-cbd-oil\/\" \/>\n<meta property=\"og:locale\" content=\"da_DK\" \/>\n<meta property=\"og:type\" content=\"article\" \/>\n<meta property=\"og:title\" content=\"10% Full Spectrum CBD Oil - Swiss Original Cannabis\" \/>\n<meta property=\"og:description\" content=\"Organic full spectrum CBD Oil 10% \/ 500mg | 3rd Party Lab Tested | Legal in EU | High Quality, certified CBD oil\" \/>\n<meta property=\"og:url\" content=\"https:\/\/swissoriginalcannabis.com\/da\/vare\/10-full-spectrum-cbd-oil\/\" \/>\n<meta property=\"og:site_name\" content=\"Swiss Original Cannabis\" \/>\n<meta property=\"article:modified_time\" content=\"2021-08-14T13:09:16+00:00\" \/>\n<meta property=\"og:image\" content=\"https:\/\/swissoriginalcannabis.com\/wp-content\/uploads\/2020\/04\/V6_10P_OIL_AND_BOX_CAMERA_65_LIGHT_90_MAIN_WITH_BOX-Current-View.jpg\" \/>\n\t<meta property=\"og:image:width\" content=\"1500\" \/>\n\t<meta property=\"og:image:height\" content=\"900\" \/>\n<meta name=\"twitter:card\" content=\"summary_large_image\" \/>\n<meta name=\"twitter:label1\" content=\"Estimeret l\u00e6setid\" \/>\n\t<meta name=\"twitter:data1\" content=\"1 minut\" \/>\n<script type=\"application\/ld+json\" class=\"yoast-schema-graph\">{\"@context\":\"https:\/\/schema.org\",\"@graph\":[{\"@type\":\"Organization\",\"@id\":\"https:\/\/swissoriginalcannabis.com\/#organization\",\"name\":\"Swiss Original Cannabis\",\"url\":\"https:\/\/swissoriginalcannabis.com\/\",\"sameAs\":[],\"logo\":{\"@type\":\"ImageObject\",\"@id\":\"https:\/\/swissoriginalcannabis.com\/#logo\",\"inLanguage\":\"da-DK\",\"url\":\"https:\/\/swissoriginalcannabis.com\/wp-content\/uploads\/2019\/09\/swiss_logo_1920x1080.png\",\"contentUrl\":\"https:\/\/swissoriginalcannabis.com\/wp-content\/uploads\/2019\/09\/swiss_logo_1920x1080.png\",\"width\":1920,\"height\":1080,\"caption\":\"Swiss Original Cannabis\"},\"image\":{\"@id\":\"https:\/\/swissoriginalcannabis.com\/#logo\"}},{\"@type\":\"WebSite\",\"@id\":\"https:\/\/swissoriginalcannabis.com\/#website\",\"url\":\"https:\/\/swissoriginalcannabis.com\/\",\"name\":\"Swiss Original Cannabis\",\"description\":\"High quality CBD oil - Get Well, Not HIGH\",\"publisher\":{\"@id\":\"https:\/\/swissoriginalcannabis.com\/#organization\"},\"potentialAction\":[{\"@type\":\"SearchAction\",\"target\":{\"@type\":\"EntryPoint\",\"urlTemplate\":\"https:\/\/swissoriginalcannabis.com\/?s={search_term_string}\"},\"query-input\":\"required name=search_term_string\"}],\"inLanguage\":\"da-DK\"},{\"@type\":\"ImageObject\",\"@id\":\"https:\/\/swissoriginalcannabis.com\/product\/10-full-spectrum-cbd-oil\/#primaryimage\",\"inLanguage\":\"da-DK\",\"url\":\"https:\/\/swissoriginalcannabis.com\/wp-content\/uploads\/2020\/04\/V6_10P_OIL_AND_BOX_CAMERA_65_LIGHT_90_MAIN_WITH_BOX-Current-View.jpg\",\"contentUrl\":\"https:\/\/swissoriginalcannabis.com\/wp-content\/uploads\/2020\/04\/V6_10P_OIL_AND_BOX_CAMERA_65_LIGHT_90_MAIN_WITH_BOX-Current-View.jpg\",\"width\":1500,\"height\":900},{\"@type\":\"WebPage\",\"@id\":\"https:\/\/swissoriginalcannabis.com\/product\/10-full-spectrum-cbd-oil\/#webpage\",\"url\":\"https:\/\/swissoriginalcannabis.com\/product\/10-full-spectrum-cbd-oil\/\",\"name\":\"10% Full Spectrum CBD Oil - Swiss Original Cannabis\",\"isPartOf\":{\"@id\":\"https:\/\/swissoriginalcannabis.com\/#website\"},\"primaryImageOfPage\":{\"@id\":\"https:\/\/swissoriginalcannabis.com\/product\/10-full-spectrum-cbd-oil\/#primaryimage\"},\"datePublished\":\"2018-10-16T07:26:35+00:00\",\"dateModified\":\"2021-08-14T13:09:16+00:00\",\"description\":\"Organic full spectrum CBD Oil 10% \/ 500mg | 3rd Party Lab Tested | Legal in EU | High Quality, certified CBD oil\",\"breadcrumb\":{\"@id\":\"https:\/\/swissoriginalcannabis.com\/product\/10-full-spectrum-cbd-oil\/#breadcrumb\"},\"inLanguage\":\"da-DK\",\"potentialAction\":[{\"@type\":\"ReadAction\",\"target\":[\"https:\/\/swissoriginalcannabis.com\/product\/10-full-spectrum-cbd-oil\/\"]}]},{\"@type\":\"BreadcrumbList\",\"@id\":\"https:\/\/swissoriginalcannabis.com\/product\/10-full-spectrum-cbd-oil\/#breadcrumb\",\"itemListElement\":[{\"@type\":\"ListItem\",\"position\":1,\"name\":\"Home\",\"item\":\"https:\/\/swissoriginalcannabis.com\/\"},{\"@type\":\"ListItem\",\"position\":2,\"name\":\"Shop\",\"item\":\"https:\/\/swissoriginalcannabis.com\/shop\/\"},{\"@type\":\"ListItem\",\"position\":3,\"name\":\"10% Full Spectrum CBD Oil\"}]}]}<\/script>\n<!-- \/ Yoast SEO plugin. -->","yoast_head_json":{"title":"10% Full Spectrum CBD Oil - Swiss Original Cannabis","description":"Organic full spectrum CBD Oil 10% \/ 500mg | 3rd Party Lab Tested | Legal in EU | High Quality, certified CBD oil","robots":{"index":"index","follow":"follow","max-snippet":"max-snippet:-1","max-image-preview":"max-image-preview:large","max-video-preview":"max-video-preview:-1"},"canonical":"https:\/\/swissoriginalcannabis.com\/da\/vare\/10-full-spectrum-cbd-oil\/","og_locale":"da_DK","og_type":"article","og_title":"10% Full Spectrum CBD Oil - Swiss Original Cannabis","og_description":"Organic full spectrum CBD Oil 10% \/ 500mg | 3rd Party Lab Tested | Legal in EU | High Quality, certified CBD oil","og_url":"https:\/\/swissoriginalcannabis.com\/da\/vare\/10-full-spectrum-cbd-oil\/","og_site_name":"Swiss Original Cannabis","article_modified_time":"2021-08-14T13:09:16+00:00","og_image":[{"width":1500,"height":900,"url":"https:\/\/swissoriginalcannabis.com\/wp-content\/uploads\/2020\/04\/V6_10P_OIL_AND_BOX_CAMERA_65_LIGHT_90_MAIN_WITH_BOX-Current-View.jpg","path":"\/var\/www\/swissoriginalcannabis.com\/html\/wp-content\/uploads\/2020\/04\/V6_10P_OIL_AND_BOX_CAMERA_65_LIGHT_90_MAIN_WITH_BOX-Current-View.jpg","size":"full","id":1870,"alt":"","pixels":1350000,"type":"image\/jpeg"}],"twitter_card":"summary_large_image","twitter_misc":{"Estimeret l\u00e6setid":"1 minut"},"schema":{"@context":"https:\/\/schema.org","@graph":[{"@type":"Organization","@id":"https:\/\/swissoriginalcannabis.com\/#organization","name":"Swiss Original Cannabis","url":"https:\/\/swissoriginalcannabis.com\/","sameAs":[],"logo":{"@type":"ImageObject","@id":"https:\/\/swissoriginalcannabis.com\/#logo","inLanguage":"da-DK","url":"https:\/\/swissoriginalcannabis.com\/wp-content\/uploads\/2019\/09\/swiss_logo_1920x1080.png","contentUrl":"https:\/\/swissoriginalcannabis.com\/wp-content\/uploads\/2019\/09\/swiss_logo_1920x1080.png","width":1920,"height":1080,"caption":"Swiss Original Cannabis"},"image":{"@id":"https:\/\/swissoriginalcannabis.com\/#logo"}},{"@type":"WebSite","@id":"https:\/\/swissoriginalcannabis.com\/#website","url":"https:\/\/swissoriginalcannabis.com\/","name":"Swiss Original Cannabis","description":"High quality CBD oil - Get Well, Not HIGH","publisher":{"@id":"https:\/\/swissoriginalcannabis.com\/#organization"},"potentialAction":[{"@type":"SearchAction","target":{"@type":"EntryPoint","urlTemplate":"https:\/\/swissoriginalcannabis.com\/?s={search_term_string}"},"query-input":"required name=search_term_string"}],"inLanguage":"da-DK"},{"@type":"ImageObject","@id":"https:\/\/swissoriginalcannabis.com\/product\/10-full-spectrum-cbd-oil\/#primaryimage","inLanguage":"da-DK","url":"https:\/\/swissoriginalcannabis.com\/wp-content\/uploads\/2020\/04\/V6_10P_OIL_AND_BOX_CAMERA_65_LIGHT_90_MAIN_WITH_BOX-Current-View.jpg","contentUrl":"https:\/\/swissoriginalcannabis.com\/wp-content\/uploads\/2020\/04\/V6_10P_OIL_AND_BOX_CAMERA_65_LIGHT_90_MAIN_WITH_BOX-Current-View.jpg","width":1500,"height":900},{"@type":"WebPage","@id":"https:\/\/swissoriginalcannabis.com\/product\/10-full-spectrum-cbd-oil\/#webpage","url":"https:\/\/swissoriginalcannabis.com\/product\/10-full-spectrum-cbd-oil\/","name":"10% Full Spectrum CBD Oil - Swiss Original Cannabis","isPartOf":{"@id":"https:\/\/swissoriginalcannabis.com\/#website"},"primaryImageOfPage":{"@id":"https:\/\/swissoriginalcannabis.com\/product\/10-full-spectrum-cbd-oil\/#primaryimage"},"datePublished":"2018-10-16T07:26:35+00:00","dateModified":"2021-08-14T13:09:16+00:00","description":"Organic full spectrum CBD Oil 10% \/ 500mg | 3rd Party Lab Tested | Legal in EU | High Quality, certified CBD oil","breadcrumb":{"@id":"https:\/\/swissoriginalcannabis.com\/product\/10-full-spectrum-cbd-oil\/#breadcrumb"},"inLanguage":"da-DK","potentialAction":[{"@type":"ReadAction","target":["https:\/\/swissoriginalcannabis.com\/product\/10-full-spectrum-cbd-oil\/"]}]},{"@type":"BreadcrumbList","@id":"https:\/\/swissoriginalcannabis.com\/product\/10-full-spectrum-cbd-oil\/#breadcrumb","itemListElement":[{"@type":"ListItem","position":1,"name":"Home","item":"https:\/\/swissoriginalcannabis.com\/"},{"@type":"ListItem","position":2,"name":"Shop","item":"https:\/\/swissoriginalcannabis.com\/shop\/"},{"@type":"ListItem","position":3,"name":"10% Full Spectrum CBD Oil"}]}]}},"_links":{"self":[{"href":"https:\/\/swissoriginalcannabis.com\/da\/wp-json\/wp\/v2\/product\/1121"}],"collection":[{"href":"https:\/\/swissoriginalcannabis.com\/da\/wp-json\/wp\/v2\/product"}],"about":[{"href":"https:\/\/swissoriginalcannabis.com\/da\/wp-json\/wp\/v2\/types\/product"}],"replies":[{"embeddable":true,"href":"https:\/\/swissoriginalcannabis.com\/da\/wp-json\/wp\/v2\/comments?post=1121"}],"wp:featuredmedia":[{"embeddable":true,"href":"https:\/\/swissoriginalcannabis.com\/da\/wp-json\/wp\/v2\/media\/1870"}],"wp:attachment":[{"href":"https:\/\/swissoriginalcannabis.com\/da\/wp-json\/wp\/v2\/media?parent=1121"}],"wp:term":[{"taxonomy":"product_cat","embeddable":true,"href":"https:\/\/swissoriginalcannabis.com\/da\/wp-json\/wp\/v2\/product_cat?post=1121"},{"taxonomy":"product_tag","embeddable":true,"href":"https:\/\/swissoriginalcannabis.com\/da\/wp-json\/wp\/v2\/product_tag?post=1121"}],"curies":[{"name":"wp","href":"https:\/\/api.w.org\/{rel}","templated":true}]}}