{"id":1212,"date":"2019-05-28T10:06:26","date_gmt":"2019-05-28T08:06:26","guid":{"rendered":"https:\/\/swissoriginalcannabis.com\/?post_type=product&#038;p=1212"},"modified":"2021-08-14T16:09:09","modified_gmt":"2021-08-14T14:09:09","slug":"original-cbd-lotion","status":"publish","type":"product","link":"https:\/\/swissoriginalcannabis.com\/da\/vare\/original-cbd-lotion\/","title":{"rendered":"Original CBD Lotion 300mg"},"content":{"rendered":"<h4>Anvendelse:<\/h4>\n<p>CBD kan ogs\u00e5 optages gennem huden og findes derfor i forskellige cremer. CBD-lotion sm\u00f8res p\u00e5 huden som alle andre cremer. Giv cremen tid til at tr\u00e6nge ind i huden ved at give luft til huden. Hudprodukter, der indeholder CBD, modvirker ubehag, akne og rynker og er et godt pleje- og sk\u00f8nhedsprodukt. For at finde ud af, hvad der virker bedst p\u00e5 din hud, anbefaler vi, at du pr\u00f8ver dig frem med forskellige CBD-cremer.<\/p>\n<h4>Opbevaring:<\/h4>\n<p>For at bevare friskheden i produktet anbefaler vi, at du opbevarer din CBD creme et m\u00f8rkt og k\u00f8ligt sted.<\/p>","protected":false},"excerpt":{"rendered":"<p><b>150 ml lotion med 300 mg CBD<\/b><\/p>\n[show_analysis]\n<p>Vi ved alle, at fugt er afg\u00f8rende for at holde vores hud frisk og sund. Men moderne hudpleje er meget mere end det \u2013 her spiller wellness og velv\u00e6re en stor rolle ligesom indholdet af naturlige ingredienser. Derfor er CBD fra hampeplanten blevet en stor trend inden for hudpleje verden over. CBD er en naturlig olie, der ekstraheres fra hampeplanten og er en enest\u00e5ende fugtgiver i hudpleje.\n\nVed at tilf\u00f8re CBD til hudplejeprodukter repareres og afsp\u00e6ndes huden, ligesom den tilf\u00f8res fugt og n\u00e6ring. Derudover indeholder CBD anti-inflammatoriske egenskaber, der forynger huden, genopretter hudbarrieren og beskytter mod oxidativ stress. Lotion med CBD forebygger desuden akne og eksem samt modvirker irriteret og kl\u00f8ende hud.<\/p>\n<p>Ud over de gode, aktive ingredienser i CBD er det samspillet mellem ingredienserne, der g\u00f8r vores lotion unik. Original CBD Lotion indeholder ud over CBD fra egen produktion nemlig edelweiss fra de schweiziske alper, vand fra de schweiziske bjerge og jojobaolie. Ingredienserne sikrer, at cremen f\u00f8les utrolig behagelig og har en vidunderlig duft.\n\nVores CBD-planter, som vi selv dyrker i Schweiz, har en r\u00e6kke gavnlige effekter p\u00e5 huden. Med Original CBD Lotion kan du nyde godt af CBD-oliens magi p\u00e5 daglig basis. \n\nAlle Swiss Original Cannabis-produkter testes af tredjeparts-dermatologer i et laboratorium. Alle produkterne er allergivenlige og veganske.\nGet well, not high.<\/p>\n<p>Naturlige ingredienser:<br \/>\n\u2013 Edelweiss fra de schweiziske alper<br \/>\n\u2013 Vand fra de schweiziske bjerge<br \/>\n\u2013 Jojobaolie<\/span><\/p>","protected":false},"featured_media":1878,"menu_order":2,"comment_status":"closed","ping_status":"closed","template":"","meta":{"_genesis_hide_title":false,"_genesis_hide_breadcrumbs":false,"_genesis_hide_singular_image":false,"_genesis_hide_footer_widgets":false,"_genesis_custom_body_class":"","_genesis_custom_post_class":"","_genesis_layout":""},"product_cat":[76],"product_tag":[],"yoast_head":"<!-- This site is optimized with the Yoast SEO plugin v16.9 - https:\/\/yoast.com\/wordpress\/plugins\/seo\/ -->\n<title>Original CBD Lotion 300mg - Swiss Original Cannabis<\/title>\n<meta name=\"description\" content=\"Full spectrum CBD Lotion | 3rd Party Lab Tested | Legal in EU | High Quality Swiss grown cannabis and jojoba oil to make the best CBD Lotion.\" \/>\n<meta name=\"robots\" content=\"index, follow, max-snippet:-1, max-image-preview:large, max-video-preview:-1\" \/>\n<link rel=\"canonical\" href=\"https:\/\/swissoriginalcannabis.com\/da\/vare\/original-cbd-lotion\/\" \/>\n<meta property=\"og:locale\" content=\"da_DK\" \/>\n<meta property=\"og:type\" content=\"article\" \/>\n<meta property=\"og:title\" content=\"Original CBD Lotion 300mg - Swiss Original Cannabis\" \/>\n<meta property=\"og:description\" content=\"Full spectrum CBD Lotion | 3rd Party Lab Tested | Legal in EU | High Quality Swiss grown cannabis and jojoba oil to make the best CBD Lotion.\" \/>\n<meta property=\"og:url\" content=\"https:\/\/swissoriginalcannabis.com\/da\/vare\/original-cbd-lotion\/\" \/>\n<meta property=\"og:site_name\" content=\"Swiss Original Cannabis\" \/>\n<meta property=\"article:modified_time\" content=\"2021-08-14T14:09:09+00:00\" \/>\n<meta property=\"og:image\" content=\"https:\/\/swissoriginalcannabis.com\/wp-content\/uploads\/2020\/04\/V6_LOTION_AND_BOX_CAMERA_60_GLOBAL_80_TOP_ANGLE-Current-View.jpg\" \/>\n\t<meta property=\"og:image:width\" content=\"1500\" \/>\n\t<meta property=\"og:image:height\" content=\"900\" \/>\n<meta name=\"twitter:card\" content=\"summary_large_image\" \/>\n<script type=\"application\/ld+json\" class=\"yoast-schema-graph\">{\"@context\":\"https:\/\/schema.org\",\"@graph\":[{\"@type\":\"Organization\",\"@id\":\"https:\/\/swissoriginalcannabis.com\/#organization\",\"name\":\"Swiss Original Cannabis\",\"url\":\"https:\/\/swissoriginalcannabis.com\/\",\"sameAs\":[],\"logo\":{\"@type\":\"ImageObject\",\"@id\":\"https:\/\/swissoriginalcannabis.com\/#logo\",\"inLanguage\":\"da-DK\",\"url\":\"https:\/\/swissoriginalcannabis.com\/wp-content\/uploads\/2019\/09\/swiss_logo_1920x1080.png\",\"contentUrl\":\"https:\/\/swissoriginalcannabis.com\/wp-content\/uploads\/2019\/09\/swiss_logo_1920x1080.png\",\"width\":1920,\"height\":1080,\"caption\":\"Swiss Original Cannabis\"},\"image\":{\"@id\":\"https:\/\/swissoriginalcannabis.com\/#logo\"}},{\"@type\":\"WebSite\",\"@id\":\"https:\/\/swissoriginalcannabis.com\/#website\",\"url\":\"https:\/\/swissoriginalcannabis.com\/\",\"name\":\"Swiss Original Cannabis\",\"description\":\"High quality CBD oil - Get Well, Not HIGH\",\"publisher\":{\"@id\":\"https:\/\/swissoriginalcannabis.com\/#organization\"},\"potentialAction\":[{\"@type\":\"SearchAction\",\"target\":{\"@type\":\"EntryPoint\",\"urlTemplate\":\"https:\/\/swissoriginalcannabis.com\/?s={search_term_string}\"},\"query-input\":\"required name=search_term_string\"}],\"inLanguage\":\"da-DK\"},{\"@type\":\"ImageObject\",\"@id\":\"https:\/\/swissoriginalcannabis.com\/product\/original-cbd-lotion\/#primaryimage\",\"inLanguage\":\"da-DK\",\"url\":\"https:\/\/swissoriginalcannabis.com\/wp-content\/uploads\/2020\/04\/V6_LOTION_AND_BOX_CAMERA_60_GLOBAL_80_TOP_ANGLE-Current-View.jpg\",\"contentUrl\":\"https:\/\/swissoriginalcannabis.com\/wp-content\/uploads\/2020\/04\/V6_LOTION_AND_BOX_CAMERA_60_GLOBAL_80_TOP_ANGLE-Current-View.jpg\",\"width\":1500,\"height\":900},{\"@type\":\"WebPage\",\"@id\":\"https:\/\/swissoriginalcannabis.com\/product\/original-cbd-lotion\/#webpage\",\"url\":\"https:\/\/swissoriginalcannabis.com\/product\/original-cbd-lotion\/\",\"name\":\"Original CBD Lotion 300mg - Swiss Original Cannabis\",\"isPartOf\":{\"@id\":\"https:\/\/swissoriginalcannabis.com\/#website\"},\"primaryImageOfPage\":{\"@id\":\"https:\/\/swissoriginalcannabis.com\/product\/original-cbd-lotion\/#primaryimage\"},\"datePublished\":\"2019-05-28T08:06:26+00:00\",\"dateModified\":\"2021-08-14T14:09:09+00:00\",\"description\":\"Full spectrum CBD Lotion | 3rd Party Lab Tested | Legal in EU | High Quality Swiss grown cannabis and jojoba oil to make the best CBD Lotion.\",\"breadcrumb\":{\"@id\":\"https:\/\/swissoriginalcannabis.com\/product\/original-cbd-lotion\/#breadcrumb\"},\"inLanguage\":\"da-DK\",\"potentialAction\":[{\"@type\":\"ReadAction\",\"target\":[\"https:\/\/swissoriginalcannabis.com\/product\/original-cbd-lotion\/\"]}]},{\"@type\":\"BreadcrumbList\",\"@id\":\"https:\/\/swissoriginalcannabis.com\/product\/original-cbd-lotion\/#breadcrumb\",\"itemListElement\":[{\"@type\":\"ListItem\",\"position\":1,\"name\":\"Home\",\"item\":\"https:\/\/swissoriginalcannabis.com\/\"},{\"@type\":\"ListItem\",\"position\":2,\"name\":\"Shop\",\"item\":\"https:\/\/swissoriginalcannabis.com\/shop\/\"},{\"@type\":\"ListItem\",\"position\":3,\"name\":\"Original CBD Lotion 300mg\"}]}]}<\/script>\n<!-- \/ Yoast SEO plugin. -->","yoast_head_json":{"title":"Original CBD Lotion 300mg - Swiss Original Cannabis","description":"Full spectrum CBD Lotion | 3rd Party Lab Tested | Legal in EU | High Quality Swiss grown cannabis and jojoba oil to make the best CBD Lotion.","robots":{"index":"index","follow":"follow","max-snippet":"max-snippet:-1","max-image-preview":"max-image-preview:large","max-video-preview":"max-video-preview:-1"},"canonical":"https:\/\/swissoriginalcannabis.com\/da\/vare\/original-cbd-lotion\/","og_locale":"da_DK","og_type":"article","og_title":"Original CBD Lotion 300mg - Swiss Original Cannabis","og_description":"Full spectrum CBD Lotion | 3rd Party Lab Tested | Legal in EU | High Quality Swiss grown cannabis and jojoba oil to make the best CBD Lotion.","og_url":"https:\/\/swissoriginalcannabis.com\/da\/vare\/original-cbd-lotion\/","og_site_name":"Swiss Original Cannabis","article_modified_time":"2021-08-14T14:09:09+00:00","og_image":[{"width":1500,"height":900,"url":"https:\/\/swissoriginalcannabis.com\/wp-content\/uploads\/2020\/04\/V6_LOTION_AND_BOX_CAMERA_60_GLOBAL_80_TOP_ANGLE-Current-View.jpg","path":"\/var\/www\/swissoriginalcannabis.com\/html\/wp-content\/uploads\/2020\/04\/V6_LOTION_AND_BOX_CAMERA_60_GLOBAL_80_TOP_ANGLE-Current-View.jpg","size":"full","id":1878,"alt":"","pixels":1350000,"type":"image\/jpeg"}],"twitter_card":"summary_large_image","schema":{"@context":"https:\/\/schema.org","@graph":[{"@type":"Organization","@id":"https:\/\/swissoriginalcannabis.com\/#organization","name":"Swiss Original Cannabis","url":"https:\/\/swissoriginalcannabis.com\/","sameAs":[],"logo":{"@type":"ImageObject","@id":"https:\/\/swissoriginalcannabis.com\/#logo","inLanguage":"da-DK","url":"https:\/\/swissoriginalcannabis.com\/wp-content\/uploads\/2019\/09\/swiss_logo_1920x1080.png","contentUrl":"https:\/\/swissoriginalcannabis.com\/wp-content\/uploads\/2019\/09\/swiss_logo_1920x1080.png","width":1920,"height":1080,"caption":"Swiss Original Cannabis"},"image":{"@id":"https:\/\/swissoriginalcannabis.com\/#logo"}},{"@type":"WebSite","@id":"https:\/\/swissoriginalcannabis.com\/#website","url":"https:\/\/swissoriginalcannabis.com\/","name":"Swiss Original Cannabis","description":"High quality CBD oil - Get Well, Not HIGH","publisher":{"@id":"https:\/\/swissoriginalcannabis.com\/#organization"},"potentialAction":[{"@type":"SearchAction","target":{"@type":"EntryPoint","urlTemplate":"https:\/\/swissoriginalcannabis.com\/?s={search_term_string}"},"query-input":"required name=search_term_string"}],"inLanguage":"da-DK"},{"@type":"ImageObject","@id":"https:\/\/swissoriginalcannabis.com\/product\/original-cbd-lotion\/#primaryimage","inLanguage":"da-DK","url":"https:\/\/swissoriginalcannabis.com\/wp-content\/uploads\/2020\/04\/V6_LOTION_AND_BOX_CAMERA_60_GLOBAL_80_TOP_ANGLE-Current-View.jpg","contentUrl":"https:\/\/swissoriginalcannabis.com\/wp-content\/uploads\/2020\/04\/V6_LOTION_AND_BOX_CAMERA_60_GLOBAL_80_TOP_ANGLE-Current-View.jpg","width":1500,"height":900},{"@type":"WebPage","@id":"https:\/\/swissoriginalcannabis.com\/product\/original-cbd-lotion\/#webpage","url":"https:\/\/swissoriginalcannabis.com\/product\/original-cbd-lotion\/","name":"Original CBD Lotion 300mg - Swiss Original Cannabis","isPartOf":{"@id":"https:\/\/swissoriginalcannabis.com\/#website"},"primaryImageOfPage":{"@id":"https:\/\/swissoriginalcannabis.com\/product\/original-cbd-lotion\/#primaryimage"},"datePublished":"2019-05-28T08:06:26+00:00","dateModified":"2021-08-14T14:09:09+00:00","description":"Full spectrum CBD Lotion | 3rd Party Lab Tested | Legal in EU | High Quality Swiss grown cannabis and jojoba oil to make the best CBD Lotion.","breadcrumb":{"@id":"https:\/\/swissoriginalcannabis.com\/product\/original-cbd-lotion\/#breadcrumb"},"inLanguage":"da-DK","potentialAction":[{"@type":"ReadAction","target":["https:\/\/swissoriginalcannabis.com\/product\/original-cbd-lotion\/"]}]},{"@type":"BreadcrumbList","@id":"https:\/\/swissoriginalcannabis.com\/product\/original-cbd-lotion\/#breadcrumb","itemListElement":[{"@type":"ListItem","position":1,"name":"Home","item":"https:\/\/swissoriginalcannabis.com\/"},{"@type":"ListItem","position":2,"name":"Shop","item":"https:\/\/swissoriginalcannabis.com\/shop\/"},{"@type":"ListItem","position":3,"name":"Original CBD Lotion 300mg"}]}]}},"_links":{"self":[{"href":"https:\/\/swissoriginalcannabis.com\/da\/wp-json\/wp\/v2\/product\/1212"}],"collection":[{"href":"https:\/\/swissoriginalcannabis.com\/da\/wp-json\/wp\/v2\/product"}],"about":[{"href":"https:\/\/swissoriginalcannabis.com\/da\/wp-json\/wp\/v2\/types\/product"}],"replies":[{"embeddable":true,"href":"https:\/\/swissoriginalcannabis.com\/da\/wp-json\/wp\/v2\/comments?post=1212"}],"wp:featuredmedia":[{"embeddable":true,"href":"https:\/\/swissoriginalcannabis.com\/da\/wp-json\/wp\/v2\/media\/1878"}],"wp:attachment":[{"href":"https:\/\/swissoriginalcannabis.com\/da\/wp-json\/wp\/v2\/media?parent=1212"}],"wp:term":[{"taxonomy":"product_cat","embeddable":true,"href":"https:\/\/swissoriginalcannabis.com\/da\/wp-json\/wp\/v2\/product_cat?post=1212"},{"taxonomy":"product_tag","embeddable":true,"href":"https:\/\/swissoriginalcannabis.com\/da\/wp-json\/wp\/v2\/product_tag?post=1212"}],"curies":[{"name":"wp","href":"https:\/\/api.w.org\/{rel}","templated":true}]}}