{"id":1485,"date":"2020-01-12T12:46:23","date_gmt":"2020-01-12T11:46:23","guid":{"rendered":"https:\/\/swissoriginalcannabis.com\/?post_type=product&#038;p=1485"},"modified":"2021-08-18T13:16:23","modified_gmt":"2021-08-18T11:16:23","slug":"original-cbd-capsules","status":"publish","type":"product","link":"https:\/\/swissoriginalcannabis.com\/da\/vare\/original-cbd-capsules\/","title":{"rendered":"Original CBD Kapsler"},"content":{"rendered":"<p><span style=\"font-weight: 400;\">CBD-kapsler er pr\u00e6cist doseret og er en nem og bekvem m\u00e5de at indtage CBD p\u00e5. Ved at indtage CBD gennem kapsler undg\u00e5r du smagen af CBD-olie, som nogle ikke kan lide. Kapslerne er smagsl\u00f8se og letford\u00f8jelige og kan indtages sammen med dine andre kosttilskud i l\u00f8bet af dagen. Dog tager det l\u00e6ngere tid for kroppen at optage CBD i kapselform kontra olieform, men effekten er den samme. Vi anbefaler, at man starter med en kapsel om morgenen og en kapsel om aftenen. Dette burde i opstartsperioden v\u00e6re mere end rigeligt til at opn\u00e5 den \u00f8nskede effekt. Det er vores anbefaling at supplere CBD kapsler med CBD olie, men dette er ikke n\u00f8dvendigvis noget du b\u00f8r praktisere i opstartsperioden, hvor det er vigtigt at starte forsigtigt ud for at se, hvordan kroppen reagerer p\u00e5 CBD. Efter par uger kan man pr\u00f8ve sig frem og gradvist opgradere med en ekstra kapsel midt p\u00e5 dagen eller supplere med lidt CBD olie, men det er vigtigt, at man m\u00e6rker efter og lytter til egen krop. Husk altid at opbevare dine CBD kapsler et m\u00f8rkt og k\u00f8ligt sted for at bevare friskheden.\n\nFolk reagerer meget forskelligt p\u00e5 CBD \u2013 det afh\u00e6nger bl.a. af v\u00e6gt og stofskifte. Derfor er det altid en god ide at starte med s\u00e5 lav en dosis som muligt og gradvist opgradere, indtil du m\u00e6rker den \u00f8nskede effekt fra cannabinoiderne. Der er ikke forskningsm\u00e6ssig enighed om, hvordan CBD virker som medicinsk behandling. Det er derfor ikke vores hensigt at vejlede om CBD-produkter i denne sammenh\u00e6ng. Der er dog evidens for, at CBD har en sundhedsgavnlig effekt. Flere forskellige unders\u00f8gelser har vist, at CBD kan have anti-inflammatoriske virkninger p\u00e5 kroppen, som kan beskytte dig mod flere sygdomme. Det kan generelt siges, at CBD har en gavnlig effekt p\u00e5 ens sundhed og velv\u00e6re. Men derudover viser en r\u00e6kke forskningsresultater ogs\u00e5, at CBD kan hj\u00e6lpe mod stress, angst og ubehag og have en lindrende effekt p\u00e5 generelle smerter.<\/span><\/p>","protected":false},"excerpt":{"rendered":"<p><b>15 kapsler med 20 mg CBD<\/b><\/p>\n[show_analysis]\n<p>Vi har alle gode og d\u00e5rlige dage. Vi ved, at jo mere afslappede og fokuserede vi f\u00f8ler os, jo mere positive og glade er vi. Kosttilskuddet CBD-olie har en beroligende effekt og er derfor verden over blevet et popul\u00e6rt supplement til at skabe mindfulness og velv\u00e6re i hverdagen. \n\nI stedet for at tage olien i dr\u00e5beform har vi udviklet Original CBD Kapsler. En kapsel om dagen er nok til at give dig den m\u00e6ngde B12-vitamin og CBD-olie, din krop har brug for. CBD kan lindre kroniske smerter, styrke immunforsvaret og give velv\u00e6re til din krop og dit sind gennem nervesystemet. \n\nOriginal CBD Kapsler er lavet af CBD ekstraheret fra cannabisplanten fra egenproduktion i Schweiz og er derudover tilsat \u00f8kologisk hampefr\u00f8olie af h\u00f8j kvalitet. Vi har ogs\u00e5 tilsat et ekstrakt af B12-vitamin for at give dit helbred og dit immunforsvar et naturligt boost. \n\nKapslerne er lavet af en bl\u00f8d gel og er derfor nemme og bekvemme at indtage. Kapslerne indeholder pr\u00e6cist opm\u00e5lte doser, der giver dig den daglige m\u00e6ngde B12 og CBD, din krop har behov for. \n\nKapslerne er uden smag, letford\u00f8jelige og kan indtages sammen med dit daglige kosttilskud eller andre vitaminer p\u00e5 ethvert tidspunkt i l\u00f8bet af dagen. Original CBD Kapsler er en fantastisk og nem m\u00e5de at g\u00f8re CBD til en del af din livsstil og hverdag p\u00e5.\n\nVi anbefaler, at du tager \u00e9n kapsel om dagen. Hvor meget din krop har brug for, kan du bedst selv m\u00e6rke. En god regel er at starte med den lavest mulige dosis CBD og langsomt \u00f8ge m\u00e6ngden (om n\u00f8dvendigt).<\/p>\n<p>Alle Swiss Original Cannabis-produkter testes af tredjeparts-dermatologer i et laboratorium. Alle produkterne er allergivenlige og veganske. \nGet well, not high.<\/p>","protected":false},"featured_media":1874,"menu_order":5,"comment_status":"closed","ping_status":"closed","template":"","meta":{"_genesis_hide_title":false,"_genesis_hide_breadcrumbs":false,"_genesis_hide_singular_image":false,"_genesis_hide_footer_widgets":false,"_genesis_custom_body_class":"","_genesis_custom_post_class":"","_genesis_layout":""},"product_cat":[56],"product_tag":[],"yoast_head":"<!-- This site is optimized with the Yoast SEO plugin v16.9 - https:\/\/yoast.com\/wordpress\/plugins\/seo\/ -->\n<title>Original CBD Capsules - Swiss Original Cannabis<\/title>\n<meta name=\"description\" content=\"Organic full spectrum CBD Capsules 20mg | 3rd Party Lab Tested | Legal in EU | Certified, legal CBD to make the best CBD Capsules.\" \/>\n<meta name=\"robots\" content=\"index, follow, max-snippet:-1, max-image-preview:large, max-video-preview:-1\" \/>\n<link rel=\"canonical\" href=\"https:\/\/swissoriginalcannabis.com\/da\/vare\/original-cbd-capsules\/\" \/>\n<meta property=\"og:locale\" content=\"da_DK\" \/>\n<meta property=\"og:type\" content=\"article\" \/>\n<meta property=\"og:title\" content=\"Original CBD Capsules - Swiss Original Cannabis\" \/>\n<meta property=\"og:description\" content=\"Organic full spectrum CBD Capsules 20mg | 3rd Party Lab Tested | Legal in EU | Certified, legal CBD to make the best CBD Capsules.\" \/>\n<meta property=\"og:url\" content=\"https:\/\/swissoriginalcannabis.com\/da\/vare\/original-cbd-capsules\/\" \/>\n<meta property=\"og:site_name\" content=\"Swiss Original Cannabis\" \/>\n<meta property=\"article:modified_time\" content=\"2021-08-18T11:16:23+00:00\" \/>\n<meta property=\"og:image\" content=\"https:\/\/swissoriginalcannabis.com\/wp-content\/uploads\/2020\/04\/V6_CAPSULES_CAMERA_60_GLOBAL_80_TOP_ANGLE-Current-View.jpg\" \/>\n\t<meta property=\"og:image:width\" content=\"1500\" \/>\n\t<meta property=\"og:image:height\" content=\"900\" \/>\n<meta name=\"twitter:card\" content=\"summary_large_image\" \/>\n<script type=\"application\/ld+json\" class=\"yoast-schema-graph\">{\"@context\":\"https:\/\/schema.org\",\"@graph\":[{\"@type\":\"Organization\",\"@id\":\"https:\/\/swissoriginalcannabis.com\/#organization\",\"name\":\"Swiss Original Cannabis\",\"url\":\"https:\/\/swissoriginalcannabis.com\/\",\"sameAs\":[],\"logo\":{\"@type\":\"ImageObject\",\"@id\":\"https:\/\/swissoriginalcannabis.com\/#logo\",\"inLanguage\":\"da-DK\",\"url\":\"https:\/\/swissoriginalcannabis.com\/wp-content\/uploads\/2019\/09\/swiss_logo_1920x1080.png\",\"contentUrl\":\"https:\/\/swissoriginalcannabis.com\/wp-content\/uploads\/2019\/09\/swiss_logo_1920x1080.png\",\"width\":1920,\"height\":1080,\"caption\":\"Swiss Original Cannabis\"},\"image\":{\"@id\":\"https:\/\/swissoriginalcannabis.com\/#logo\"}},{\"@type\":\"WebSite\",\"@id\":\"https:\/\/swissoriginalcannabis.com\/#website\",\"url\":\"https:\/\/swissoriginalcannabis.com\/\",\"name\":\"Swiss Original Cannabis\",\"description\":\"High quality CBD oil - Get Well, Not HIGH\",\"publisher\":{\"@id\":\"https:\/\/swissoriginalcannabis.com\/#organization\"},\"potentialAction\":[{\"@type\":\"SearchAction\",\"target\":{\"@type\":\"EntryPoint\",\"urlTemplate\":\"https:\/\/swissoriginalcannabis.com\/?s={search_term_string}\"},\"query-input\":\"required name=search_term_string\"}],\"inLanguage\":\"da-DK\"},{\"@type\":\"ImageObject\",\"@id\":\"https:\/\/swissoriginalcannabis.com\/product\/original-cbd-capsules\/#primaryimage\",\"inLanguage\":\"da-DK\",\"url\":\"https:\/\/swissoriginalcannabis.com\/wp-content\/uploads\/2020\/04\/V6_CAPSULES_CAMERA_60_GLOBAL_80_TOP_ANGLE-Current-View.jpg\",\"contentUrl\":\"https:\/\/swissoriginalcannabis.com\/wp-content\/uploads\/2020\/04\/V6_CAPSULES_CAMERA_60_GLOBAL_80_TOP_ANGLE-Current-View.jpg\",\"width\":1500,\"height\":900},{\"@type\":\"WebPage\",\"@id\":\"https:\/\/swissoriginalcannabis.com\/product\/original-cbd-capsules\/#webpage\",\"url\":\"https:\/\/swissoriginalcannabis.com\/product\/original-cbd-capsules\/\",\"name\":\"Original CBD Capsules - Swiss Original Cannabis\",\"isPartOf\":{\"@id\":\"https:\/\/swissoriginalcannabis.com\/#website\"},\"primaryImageOfPage\":{\"@id\":\"https:\/\/swissoriginalcannabis.com\/product\/original-cbd-capsules\/#primaryimage\"},\"datePublished\":\"2020-01-12T11:46:23+00:00\",\"dateModified\":\"2021-08-18T11:16:23+00:00\",\"description\":\"Organic full spectrum CBD Capsules 20mg | 3rd Party Lab Tested | Legal in EU | Certified, legal CBD to make the best CBD Capsules.\",\"breadcrumb\":{\"@id\":\"https:\/\/swissoriginalcannabis.com\/product\/original-cbd-capsules\/#breadcrumb\"},\"inLanguage\":\"da-DK\",\"potentialAction\":[{\"@type\":\"ReadAction\",\"target\":[\"https:\/\/swissoriginalcannabis.com\/product\/original-cbd-capsules\/\"]}]},{\"@type\":\"BreadcrumbList\",\"@id\":\"https:\/\/swissoriginalcannabis.com\/product\/original-cbd-capsules\/#breadcrumb\",\"itemListElement\":[{\"@type\":\"ListItem\",\"position\":1,\"name\":\"Home\",\"item\":\"https:\/\/swissoriginalcannabis.com\/\"},{\"@type\":\"ListItem\",\"position\":2,\"name\":\"Shop\",\"item\":\"https:\/\/swissoriginalcannabis.com\/shop\/\"},{\"@type\":\"ListItem\",\"position\":3,\"name\":\"Original CBD Capsules\"}]}]}<\/script>\n<!-- \/ Yoast SEO plugin. -->","yoast_head_json":{"title":"Original CBD Capsules - Swiss Original Cannabis","description":"Organic full spectrum CBD Capsules 20mg | 3rd Party Lab Tested | Legal in EU | Certified, legal CBD to make the best CBD Capsules.","robots":{"index":"index","follow":"follow","max-snippet":"max-snippet:-1","max-image-preview":"max-image-preview:large","max-video-preview":"max-video-preview:-1"},"canonical":"https:\/\/swissoriginalcannabis.com\/da\/vare\/original-cbd-capsules\/","og_locale":"da_DK","og_type":"article","og_title":"Original CBD Capsules - Swiss Original Cannabis","og_description":"Organic full spectrum CBD Capsules 20mg | 3rd Party Lab Tested | Legal in EU | Certified, legal CBD to make the best CBD Capsules.","og_url":"https:\/\/swissoriginalcannabis.com\/da\/vare\/original-cbd-capsules\/","og_site_name":"Swiss Original Cannabis","article_modified_time":"2021-08-18T11:16:23+00:00","og_image":[{"width":1500,"height":900,"url":"https:\/\/swissoriginalcannabis.com\/wp-content\/uploads\/2020\/04\/V6_CAPSULES_CAMERA_60_GLOBAL_80_TOP_ANGLE-Current-View.jpg","path":"\/var\/www\/swissoriginalcannabis.com\/html\/wp-content\/uploads\/2020\/04\/V6_CAPSULES_CAMERA_60_GLOBAL_80_TOP_ANGLE-Current-View.jpg","size":"full","id":1874,"alt":"","pixels":1350000,"type":"image\/jpeg"}],"twitter_card":"summary_large_image","schema":{"@context":"https:\/\/schema.org","@graph":[{"@type":"Organization","@id":"https:\/\/swissoriginalcannabis.com\/#organization","name":"Swiss Original Cannabis","url":"https:\/\/swissoriginalcannabis.com\/","sameAs":[],"logo":{"@type":"ImageObject","@id":"https:\/\/swissoriginalcannabis.com\/#logo","inLanguage":"da-DK","url":"https:\/\/swissoriginalcannabis.com\/wp-content\/uploads\/2019\/09\/swiss_logo_1920x1080.png","contentUrl":"https:\/\/swissoriginalcannabis.com\/wp-content\/uploads\/2019\/09\/swiss_logo_1920x1080.png","width":1920,"height":1080,"caption":"Swiss Original Cannabis"},"image":{"@id":"https:\/\/swissoriginalcannabis.com\/#logo"}},{"@type":"WebSite","@id":"https:\/\/swissoriginalcannabis.com\/#website","url":"https:\/\/swissoriginalcannabis.com\/","name":"Swiss Original Cannabis","description":"High quality CBD oil - Get Well, Not HIGH","publisher":{"@id":"https:\/\/swissoriginalcannabis.com\/#organization"},"potentialAction":[{"@type":"SearchAction","target":{"@type":"EntryPoint","urlTemplate":"https:\/\/swissoriginalcannabis.com\/?s={search_term_string}"},"query-input":"required name=search_term_string"}],"inLanguage":"da-DK"},{"@type":"ImageObject","@id":"https:\/\/swissoriginalcannabis.com\/product\/original-cbd-capsules\/#primaryimage","inLanguage":"da-DK","url":"https:\/\/swissoriginalcannabis.com\/wp-content\/uploads\/2020\/04\/V6_CAPSULES_CAMERA_60_GLOBAL_80_TOP_ANGLE-Current-View.jpg","contentUrl":"https:\/\/swissoriginalcannabis.com\/wp-content\/uploads\/2020\/04\/V6_CAPSULES_CAMERA_60_GLOBAL_80_TOP_ANGLE-Current-View.jpg","width":1500,"height":900},{"@type":"WebPage","@id":"https:\/\/swissoriginalcannabis.com\/product\/original-cbd-capsules\/#webpage","url":"https:\/\/swissoriginalcannabis.com\/product\/original-cbd-capsules\/","name":"Original CBD Capsules - Swiss Original Cannabis","isPartOf":{"@id":"https:\/\/swissoriginalcannabis.com\/#website"},"primaryImageOfPage":{"@id":"https:\/\/swissoriginalcannabis.com\/product\/original-cbd-capsules\/#primaryimage"},"datePublished":"2020-01-12T11:46:23+00:00","dateModified":"2021-08-18T11:16:23+00:00","description":"Organic full spectrum CBD Capsules 20mg | 3rd Party Lab Tested | Legal in EU | Certified, legal CBD to make the best CBD Capsules.","breadcrumb":{"@id":"https:\/\/swissoriginalcannabis.com\/product\/original-cbd-capsules\/#breadcrumb"},"inLanguage":"da-DK","potentialAction":[{"@type":"ReadAction","target":["https:\/\/swissoriginalcannabis.com\/product\/original-cbd-capsules\/"]}]},{"@type":"BreadcrumbList","@id":"https:\/\/swissoriginalcannabis.com\/product\/original-cbd-capsules\/#breadcrumb","itemListElement":[{"@type":"ListItem","position":1,"name":"Home","item":"https:\/\/swissoriginalcannabis.com\/"},{"@type":"ListItem","position":2,"name":"Shop","item":"https:\/\/swissoriginalcannabis.com\/shop\/"},{"@type":"ListItem","position":3,"name":"Original CBD Capsules"}]}]}},"_links":{"self":[{"href":"https:\/\/swissoriginalcannabis.com\/da\/wp-json\/wp\/v2\/product\/1485"}],"collection":[{"href":"https:\/\/swissoriginalcannabis.com\/da\/wp-json\/wp\/v2\/product"}],"about":[{"href":"https:\/\/swissoriginalcannabis.com\/da\/wp-json\/wp\/v2\/types\/product"}],"replies":[{"embeddable":true,"href":"https:\/\/swissoriginalcannabis.com\/da\/wp-json\/wp\/v2\/comments?post=1485"}],"wp:featuredmedia":[{"embeddable":true,"href":"https:\/\/swissoriginalcannabis.com\/da\/wp-json\/wp\/v2\/media\/1874"}],"wp:attachment":[{"href":"https:\/\/swissoriginalcannabis.com\/da\/wp-json\/wp\/v2\/media?parent=1485"}],"wp:term":[{"taxonomy":"product_cat","embeddable":true,"href":"https:\/\/swissoriginalcannabis.com\/da\/wp-json\/wp\/v2\/product_cat?post=1485"},{"taxonomy":"product_tag","embeddable":true,"href":"https:\/\/swissoriginalcannabis.com\/da\/wp-json\/wp\/v2\/product_tag?post=1485"}],"curies":[{"name":"wp","href":"https:\/\/api.w.org\/{rel}","templated":true}]}}