{"id":1197,"date":"2019-05-23T16:41:56","date_gmt":"2019-05-23T14:41:56","guid":{"rendered":"https:\/\/swissoriginalcannabis.com\/?page_id=1197"},"modified":"2020-11-02T11:41:44","modified_gmt":"2020-11-02T10:41:44","slug":"terms-conditions","status":"publish","type":"page","link":"https:\/\/swissoriginalcannabis.com\/de\/terms-conditions\/","title":{"rendered":"AGB"},"content":{"rendered":"<p><strong>INFORMATION ZUM UNTERNEHMEN<\/strong><br>SOC Switzerland GmbH<br>Hofackerstrasse 77<br>4132 Muttenz<br>Switzerland<br>VAT: CHE-353.567.459<br>Telephone: +41 44 505 15 99 (Monday \u2013 Friday: 09:00 \u2013 17:00)<br>Email: info@swissoriginalcannabis.com <\/p>\n\n\n\n<h3>BEZAHLUNG<\/h3>\n\n\n\n<p>SOC Switzerland GmbH receives online payments with Dankort, Visa \/ Dankort, Visa, Mastercard, Mobilepay Online, Visa Electron.<br>Die Zahlung wird nur dann von Ihrem Konto abgezogen, wenn der physische Artikel versandt oder das virtuelle Produkt erstellt wird, sofern nicht anders vereinbart oder in Ihrer Bestellung angegeben.<\/p>\n\n\n\n<p>Alle Betr\u00e4ge auf der Website sind inkl. MwSt.<br>The website uses the following currencies for pricing:<br>Euro &#8211; Euro (\u20ac)<br>Swiss Franc &#8211; Franc (Fr)<br>Great British Pound &#8211; GBP (\u00a3)<\/p>\n\n\n\n<p>SOC Switzerland GmbH uses a secure payment server that encrypts all information with SSL protocol which means your data is secure and cannot be read by other outside parties.<br>SOC Switzerland GmbH\u2019s own website also uses SSL protocol encryption.<\/p>\n\n\n\n<h3>VERSAND<\/h3>\n\n\n\n<p>Wir liefern Waren in folgende L\u00e4nder: Grossbritannien, Schweiz, Deutschland, Niederlande, Belgien, Spanien, Italien, Frankreich, D\u00e4nemark, Norwegen, Schweden und in das \u00fcbrige Europa. Die Lieferzeit f\u00fcr Ihre Bestellung betr\u00e4gt 2-3 Werktage.<\/p>\n\n\n\n<p>SOC Switzerland GmbH ships the following items: DHL<br>Die Versandkosten werden aufgrund des Gewichts berechnet.<\/p>\n\n\n\n<p>Sie k\u00f6nnen w\u00e4hlen, ob Ihre Bestellung \"Einzeln\" oder \"Zusammen\u201c geliefert werden soll.<br>Sie erhalten immer eine Track-and-Trace-Nummer, damit Sie Ihre Bestellung von unserem Lager bis zu Ihnen nach Hause verfolgen k\u00f6nnen.<\/p>\n\n\n\n<h3>STORNIERUNG<\/h3>\n\n\n\n<p>F\u00fcr auf der Website gekaufte Waren besteht ein 14-t\u00e4giges volles R\u00fcckgaberecht, sofern nicht anders vereinbart oder in Ihrer Bestellung angegeben.<br>Die 14-t\u00e4gige Frist beginnt ab Erhalt der bestellten Produkte.<\/p>\n\n\n\n<p>Etwaige R\u00fccksendekosten fallen zu Lasten des Kunden.<\/p>\n\n\n\n<p>Antr\u00e4ge auf Stornierung m\u00fcssen uns sp\u00e4testens 14 Tage nach Erhalt mitgeteilt werden und sp\u00e4testens 14 Tage, nachdem wir \u00fcber Ihre Nutzung des Widerrufsrechts informiert wurden, erreichen.<\/p>\n\n\n\n<p>Der Antrag auf Aus\u00fcbung des Widerrufsrechts ist an info@swissoriginalcannabis.com zu richten. Aus der Mitteilung sollte deutlich hervorgehen, dass Sie von Ihrem Widerrufsrecht Gebrauch machen wollen.<\/p>\n\n\n\n<h3>WARENR\u00dcCKGABE<\/h3>\n\n\n\n<p>Sie haften f\u00fcr die Wertminderung der Ware durch eine andere als die zur Bestimmung von Art, Beschaffenheit und Funktion der Ware erforderliche Behandlung. Dies bedeutet, dass Sie die Ware so behandeln m\u00fcssen, als w\u00e4ren Sie in einem Gesch\u00e4ft.<\/p>\n\n\n\n<p>If the item is tried in addition to what is described above, it is considered used and of impaired value. This means that when you cancel your purchase, you will receive a small portion or none of the purchase amount. It is up to SOC Switzerland GmbH to assess the condition of the product.<\/p>\n\n\n\n<h3>GARANTIE<\/h3>\n\n\n\n<p>Es besteht eine 2-Jahres-Garantie auf Produkte in \u00dcbereinstimmung mit dem Europ\u00e4ischen Kaufgesetz.  Das Reklamationsrecht gilt f\u00fcr alle Software-, Material- und Fabrikationsfehler.<\/p>\n\n\n\n<p>Complaint regarding errors and deficiencies must be communicated to SOC Switzerland GmbH within a reasonable time after receipt of the goods. Here, max. two months as a reasonable time, unless otherwise agreed. We refund reasonable shipping costs.<br>Bei unsachgem\u00e4sser oder ungew\u00f6hnlicher Bedienung des Produktes wird eine R\u00fccknahme abgelehnt.<\/p>\n\n\n\n<p>SOC Switzerland GmbH covers the return costs to a reasonable extent.<br>\u2028Wenden Sie sich nach der R\u00fccksendung an das Unternehmen:<\/p>\n\n\n\n<p><strong>SOC Switzerland GmbH<\/strong><br>Hofackerstrasse 77<br>4132 Muttenz<br>Switzerland<br>Telephone: +41 44 505 15 99 (Monday \u2013 Friday: 09:00 \u2013 17:00)<br>Email: info@swissoriginalcannabis.com<\/p>\n\n\n\n<p>Beschwerden, die auf Anfrage verschickt werden, werden nicht angenommen.<\/p>\n\n\n\n<h3>PERS\u00d6NLICHE KUNDENDATEN<\/h3>\n\n\n\n<p>Wir verkaufen keine pers\u00f6nlichen Daten weiter und geben Ihre pers\u00f6nlichen Daten nicht an andere weiter, sie sind nur in unserem Kundenverzeichnis registriert. Sie k\u00f6nnen Ihre Informationen jederzeit l\u00f6schen.<\/p>\n\n\n\n<p>In order to enter into an agreement with SOC Switzerland GmbH, we need the following information:<br>. Name<br>. Adresse<br>. Telefonnummer<br>. E-Mail-Adresse<\/p>\n\n\n\n<p>Wir registrieren Ihre pers\u00f6nlichen Daten zum Zweck der Lieferung der Waren an Sie.<br>The personal data is registered with SOC Switzerland GmbH and stored for up to five years, after which the information is deleted.<\/p>\n\n\n\n<p>Wenn pers\u00f6nliche Daten \u00fcber unsere Website gesammelt werden, stellen wir sicher, dass dies nur mit Ihrer ausdr\u00fccklichen Zustimmung geschieht, sodass Sie genau dar\u00fcber informiert sind, welche Informationen gesammelt werden und warum.<\/p>\n\n\n\n<p>The Director and employees of SOC Switzerland GmbH have access to the information recorded about you.<br>The data controller of SOC Switzerland GmbH is:<\/p>\n\n\n\n<p>Wir speichern und \u00fcbermitteln Kundeninformationen nicht verschl\u00fcsselt.<\/p>\n\n\n\n<p>As registered with SOC Switzerland GmbH, you always have the right to object to the registration. You also have the right to insight into what information is recorded about you. You have these rights under the Personal Data Act and in connection with this you are directed to info@swissoriginalcannabis.com.<\/p>\n\n\n\n<h3>Cookies<\/h3>\n\n\n\n<p>Unter www.swissoriginalcannabis.com werden Cookies verwendet, um die Website und ihre Funktionalit\u00e4t zu optimieren und den Besuch f\u00fcr Sie so angenehm wie m\u00f6glich zu gestalten.<\/p>\n\n\n\n<p>Sie k\u00f6nnen Cookies je nach Browser jederzeit von Ihrem Computer l\u00f6schen.<\/p>\n\n\n\n<h3>RECHTLICHES<\/h3>\n\n\n\n<p>Beschwerden zu Produkten bitte an folgende Adresse:<br>The Competition and Consumer Authority<br>Carl Jacobsens Road 35<br>2500 Valby<br>www.forbrug.dk<\/p>\n\n\n\n<p>F\u00fcr EU-B\u00fcrger ausserhalb der EU m\u00fcssen Beschwerden \u00fcber die Online-Beschwerdeplattform der EU-Kommission eingereicht werden.<br>ec.europa.eu<\/p>\n\n\n\n<p>Im Falle einer Beschwerde ist unsere E-Mail-Adresse info@swissoriginalcannabis.com sowie die Website anzugeben, auf der Sie den Artikel gekauft haben.<\/p>","protected":false},"excerpt":{"rendered":"<p>COMPANY INFORMATIONSOC Switzerland GmbHHofackerstrasse 774132 MuttenzSwitzerlandVAT: CHE-353.567.459Telephone: +41 44 505 15 99 (Monday \u2013 Friday: 09:00 \u2013 17:00)Email: info@swissoriginalcannabis.com PAYMENT SOC Switzerland GmbH receives online payments with Dankort, Visa \/ Dankort, Visa, Mastercard, Mobilepay Online, Visa Electron.Payment will only be deducted from your account when the physical item is shipped or the virtual product is [&hellip;]<\/p>","protected":false},"author":1,"featured_media":0,"parent":0,"menu_order":3,"comment_status":"closed","ping_status":"closed","template":"","meta":{"_genesis_hide_title":false,"_genesis_hide_breadcrumbs":false,"_genesis_hide_singular_image":false,"_genesis_hide_footer_widgets":false,"_genesis_custom_body_class":"","_genesis_custom_post_class":"","_genesis_layout":""},"yoast_head":"<!-- This site is optimized with the Yoast SEO plugin v16.9 - https:\/\/yoast.com\/wordpress\/plugins\/seo\/ -->\n<title>Terms &amp; Conditions - Swiss Original Cannabis<\/title>\n<meta name=\"description\" content=\"Our customer service team has many years of experience within the cbd industry. Having helped thousands of people, we are looking forward to help you aswell\" \/>\n<meta name=\"robots\" content=\"index, follow, max-snippet:-1, max-image-preview:large, max-video-preview:-1\" \/>\n<link rel=\"canonical\" href=\"https:\/\/swissoriginalcannabis.com\/de\/terms-conditions\/\" \/>\n<meta property=\"og:locale\" content=\"de_DE\" \/>\n<meta property=\"og:type\" content=\"article\" \/>\n<meta property=\"og:title\" content=\"Terms &amp; Conditions - Swiss Original Cannabis\" \/>\n<meta property=\"og:description\" content=\"Our customer service team has many years of experience within the cbd industry. Having helped thousands of people, we are looking forward to help you aswell\" \/>\n<meta property=\"og:url\" content=\"https:\/\/swissoriginalcannabis.com\/de\/terms-conditions\/\" \/>\n<meta property=\"og:site_name\" content=\"Swiss Original Cannabis\" \/>\n<meta property=\"article:modified_time\" content=\"2020-11-02T10:41:44+00:00\" \/>\n<meta name=\"twitter:card\" content=\"summary_large_image\" \/>\n<meta name=\"twitter:label1\" content=\"Est. reading time\" \/>\n\t<meta name=\"twitter:data1\" content=\"4 Minuten\" \/>\n<script type=\"application\/ld+json\" class=\"yoast-schema-graph\">{\"@context\":\"https:\/\/schema.org\",\"@graph\":[{\"@type\":\"Organization\",\"@id\":\"https:\/\/swissoriginalcannabis.com\/#organization\",\"name\":\"Swiss Original Cannabis\",\"url\":\"https:\/\/swissoriginalcannabis.com\/\",\"sameAs\":[],\"logo\":{\"@type\":\"ImageObject\",\"@id\":\"https:\/\/swissoriginalcannabis.com\/#logo\",\"inLanguage\":\"de-CH\",\"url\":\"https:\/\/swissoriginalcannabis.com\/wp-content\/uploads\/2019\/09\/swiss_logo_1920x1080.png\",\"contentUrl\":\"https:\/\/swissoriginalcannabis.com\/wp-content\/uploads\/2019\/09\/swiss_logo_1920x1080.png\",\"width\":1920,\"height\":1080,\"caption\":\"Swiss Original Cannabis\"},\"image\":{\"@id\":\"https:\/\/swissoriginalcannabis.com\/#logo\"}},{\"@type\":\"WebSite\",\"@id\":\"https:\/\/swissoriginalcannabis.com\/#website\",\"url\":\"https:\/\/swissoriginalcannabis.com\/\",\"name\":\"Swiss Original Cannabis\",\"description\":\"High quality CBD oil - Get Well, Not HIGH\",\"publisher\":{\"@id\":\"https:\/\/swissoriginalcannabis.com\/#organization\"},\"potentialAction\":[{\"@type\":\"SearchAction\",\"target\":{\"@type\":\"EntryPoint\",\"urlTemplate\":\"https:\/\/swissoriginalcannabis.com\/?s={search_term_string}\"},\"query-input\":\"required name=search_term_string\"}],\"inLanguage\":\"de-CH\"},{\"@type\":\"WebPage\",\"@id\":\"https:\/\/swissoriginalcannabis.com\/terms-conditions\/#webpage\",\"url\":\"https:\/\/swissoriginalcannabis.com\/terms-conditions\/\",\"name\":\"Terms & Conditions - Swiss Original Cannabis\",\"isPartOf\":{\"@id\":\"https:\/\/swissoriginalcannabis.com\/#website\"},\"datePublished\":\"2019-05-23T14:41:56+00:00\",\"dateModified\":\"2020-11-02T10:41:44+00:00\",\"description\":\"Our customer service team has many years of experience within the cbd industry. Having helped thousands of people, we are looking forward to help you aswell\",\"breadcrumb\":{\"@id\":\"https:\/\/swissoriginalcannabis.com\/terms-conditions\/#breadcrumb\"},\"inLanguage\":\"de-CH\",\"potentialAction\":[{\"@type\":\"ReadAction\",\"target\":[\"https:\/\/swissoriginalcannabis.com\/terms-conditions\/\"]}]},{\"@type\":\"BreadcrumbList\",\"@id\":\"https:\/\/swissoriginalcannabis.com\/terms-conditions\/#breadcrumb\",\"itemListElement\":[{\"@type\":\"ListItem\",\"position\":1,\"name\":\"Home\",\"item\":\"https:\/\/swissoriginalcannabis.com\/\"},{\"@type\":\"ListItem\",\"position\":2,\"name\":\"Terms &#038; Conditions\"}]}]}<\/script>\n<!-- \/ Yoast SEO plugin. -->","yoast_head_json":{"title":"Terms & Conditions - Swiss Original Cannabis","description":"Our customer service team has many years of experience within the cbd industry. Having helped thousands of people, we are looking forward to help you aswell","robots":{"index":"index","follow":"follow","max-snippet":"max-snippet:-1","max-image-preview":"max-image-preview:large","max-video-preview":"max-video-preview:-1"},"canonical":"https:\/\/swissoriginalcannabis.com\/de\/terms-conditions\/","og_locale":"de_DE","og_type":"article","og_title":"Terms & Conditions - Swiss Original Cannabis","og_description":"Our customer service team has many years of experience within the cbd industry. Having helped thousands of people, we are looking forward to help you aswell","og_url":"https:\/\/swissoriginalcannabis.com\/de\/terms-conditions\/","og_site_name":"Swiss Original Cannabis","article_modified_time":"2020-11-02T10:41:44+00:00","twitter_card":"summary_large_image","twitter_misc":{"Est. reading time":"4 Minuten"},"schema":{"@context":"https:\/\/schema.org","@graph":[{"@type":"Organization","@id":"https:\/\/swissoriginalcannabis.com\/#organization","name":"Swiss Original Cannabis","url":"https:\/\/swissoriginalcannabis.com\/","sameAs":[],"logo":{"@type":"ImageObject","@id":"https:\/\/swissoriginalcannabis.com\/#logo","inLanguage":"de-CH","url":"https:\/\/swissoriginalcannabis.com\/wp-content\/uploads\/2019\/09\/swiss_logo_1920x1080.png","contentUrl":"https:\/\/swissoriginalcannabis.com\/wp-content\/uploads\/2019\/09\/swiss_logo_1920x1080.png","width":1920,"height":1080,"caption":"Swiss Original Cannabis"},"image":{"@id":"https:\/\/swissoriginalcannabis.com\/#logo"}},{"@type":"WebSite","@id":"https:\/\/swissoriginalcannabis.com\/#website","url":"https:\/\/swissoriginalcannabis.com\/","name":"Swiss Original Cannabis","description":"High quality CBD oil - Get Well, Not HIGH","publisher":{"@id":"https:\/\/swissoriginalcannabis.com\/#organization"},"potentialAction":[{"@type":"SearchAction","target":{"@type":"EntryPoint","urlTemplate":"https:\/\/swissoriginalcannabis.com\/?s={search_term_string}"},"query-input":"required name=search_term_string"}],"inLanguage":"de-CH"},{"@type":"WebPage","@id":"https:\/\/swissoriginalcannabis.com\/terms-conditions\/#webpage","url":"https:\/\/swissoriginalcannabis.com\/terms-conditions\/","name":"Terms & Conditions - Swiss Original Cannabis","isPartOf":{"@id":"https:\/\/swissoriginalcannabis.com\/#website"},"datePublished":"2019-05-23T14:41:56+00:00","dateModified":"2020-11-02T10:41:44+00:00","description":"Our customer service team has many years of experience within the cbd industry. Having helped thousands of people, we are looking forward to help you aswell","breadcrumb":{"@id":"https:\/\/swissoriginalcannabis.com\/terms-conditions\/#breadcrumb"},"inLanguage":"de-CH","potentialAction":[{"@type":"ReadAction","target":["https:\/\/swissoriginalcannabis.com\/terms-conditions\/"]}]},{"@type":"BreadcrumbList","@id":"https:\/\/swissoriginalcannabis.com\/terms-conditions\/#breadcrumb","itemListElement":[{"@type":"ListItem","position":1,"name":"Home","item":"https:\/\/swissoriginalcannabis.com\/"},{"@type":"ListItem","position":2,"name":"Terms &#038; Conditions"}]}]}},"_links":{"self":[{"href":"https:\/\/swissoriginalcannabis.com\/de\/wp-json\/wp\/v2\/pages\/1197"}],"collection":[{"href":"https:\/\/swissoriginalcannabis.com\/de\/wp-json\/wp\/v2\/pages"}],"about":[{"href":"https:\/\/swissoriginalcannabis.com\/de\/wp-json\/wp\/v2\/types\/page"}],"author":[{"embeddable":true,"href":"https:\/\/swissoriginalcannabis.com\/de\/wp-json\/wp\/v2\/users\/1"}],"replies":[{"embeddable":true,"href":"https:\/\/swissoriginalcannabis.com\/de\/wp-json\/wp\/v2\/comments?post=1197"}],"version-history":[{"count":2,"href":"https:\/\/swissoriginalcannabis.com\/de\/wp-json\/wp\/v2\/pages\/1197\/revisions"}],"predecessor-version":[{"id":2298,"href":"https:\/\/swissoriginalcannabis.com\/de\/wp-json\/wp\/v2\/pages\/1197\/revisions\/2298"}],"wp:attachment":[{"href":"https:\/\/swissoriginalcannabis.com\/de\/wp-json\/wp\/v2\/media?parent=1197"}],"curies":[{"name":"wp","href":"https:\/\/api.w.org\/{rel}","templated":true}]}}