{"id":14,"date":"2017-10-07T13:34:48","date_gmt":"2017-10-07T13:34:48","guid":{"rendered":"https:\/\/swissoriginalcannabis.com\/?page_id=14"},"modified":"2020-06-29T16:02:45","modified_gmt":"2020-06-29T14:02:45","slug":"about-us","status":"publish","type":"page","link":"https:\/\/swissoriginalcannabis.com\/de\/about-us\/","title":{"rendered":"\u00dcber Uns"},"content":{"rendered":"<p>Wir legen sehr viel Wert darauf, unseren Kunden Produkte von h\u00f6chster Qualit\u00e4t zu liefern und sicherzustellen, dass sie sicher in der Anwendung sind. Um dieses Versprechen einzul\u00f6sen, stellen wir unsere Produkte mit \u00d6lextrakt aus sehr hochwertigen und speziell gez\u00fcchteten CBD-Cannabisbl\u00fcten her.<\/p>\n<p>Unser Unternehmen ist <strong>Swiss Original Cannabis<\/strong>, und wir haben unseren Sitz in der Schweiz in Basel. Unsere gesamten Produktions-, Labor- und Verpackungseinrichtungen sind unter einem Dach vereint.<\/p>\n<p>Alle <strong>Swiss Original Kosmetika<\/strong> basieren auf nat\u00fcrlichen und konzentrierten Wirkstoffen. Durch die sehr sorgf\u00e4ltige Extraktion des nat\u00fcrlichen CBD bewahren wir diese einzigartigen Eigenschaften bis zum Endprodukt.\u2028<\/p>\n<p>Die Swiss Original Cremes werden aus hochkonzentriertem CBD-\u00d6lextrakt hergestellt, das starke regenerierende Eigenschaften besitzt. So stimulieren die Swiss Original Kosmetika die Hautregeneration auf nat\u00fcrliche Weise und haben gleichzeitig eine stark reparierende und regenerierende Wirkung.<\/p>\n<p>Wir sind darauf spezialisiert, die nat\u00fcrliche Kraft von CBD zu nutzen. Dieses Cannabinoid erobert die Welt. Immer mehr Forscher, Hersteller und Konsumenten erkennen das ungenutzte Potenzial dieser heilenden und wohltuenden Verbindung.<\/p>\n<p>Wir setzen deshalb alles daran, dass unsere Produkte die Erwartungen unserer Kunden erf\u00fcllen und daf\u00fcr sorgen, dass sie von den verj\u00fcngenden F\u00e4higkeiten unserer Produkte profitieren - get well, not high. <em>get well, not high<\/em>.<\/p>\n<p>In der Schweiz sind alle Cannabisprodukte, die weniger als 1,0 % THC enthalten, erlaubt und legal. Und da unsere Produkte sogar weniger als 0,2 % THC enthalten, sind sie \u00fcberall in der Europ\u00e4ischen Union legal.<\/p>","protected":false},"excerpt":{"rendered":"<p>It is our commitment to provide premium quality products for our customers, as well as make sure they are safe to use. Delivering on this promise, we are creating our products with the oil extract from very high quality and specially bred CBD cannabis flowers. Our company is Swiss Original Cannabis, and we are based [&hellip;]<\/p>","protected":false},"author":1,"featured_media":0,"parent":0,"menu_order":8,"comment_status":"closed","ping_status":"closed","template":"","meta":{"_genesis_hide_title":false,"_genesis_hide_breadcrumbs":false,"_genesis_hide_singular_image":false,"_genesis_hide_footer_widgets":false,"_genesis_custom_body_class":"","_genesis_custom_post_class":"","_genesis_layout":""},"yoast_head":"<!-- This site is optimized with the Yoast SEO plugin v16.9 - https:\/\/yoast.com\/wordpress\/plugins\/seo\/ -->\n<title>About Us - Swiss Original Cannabis<\/title>\n<meta name=\"description\" content=\"We produce high quality organic CBD products in Switzerland | All products are 3rd party lab tested to ensure the highest quality. CBD oils &amp; more.\" \/>\n<meta name=\"robots\" content=\"index, follow, max-snippet:-1, max-image-preview:large, max-video-preview:-1\" \/>\n<link rel=\"canonical\" href=\"https:\/\/swissoriginalcannabis.com\/de\/about-us\/\" \/>\n<meta property=\"og:locale\" content=\"de_DE\" \/>\n<meta property=\"og:type\" content=\"article\" \/>\n<meta property=\"og:title\" content=\"About Us - Swiss Original Cannabis\" \/>\n<meta property=\"og:description\" content=\"We produce high quality organic CBD products in Switzerland | All products are 3rd party lab tested to ensure the highest quality. CBD oils &amp; more.\" \/>\n<meta property=\"og:url\" content=\"https:\/\/swissoriginalcannabis.com\/de\/about-us\/\" \/>\n<meta property=\"og:site_name\" content=\"Swiss Original Cannabis\" \/>\n<meta property=\"article:modified_time\" content=\"2020-06-29T14:02:45+00:00\" \/>\n<meta name=\"twitter:card\" content=\"summary_large_image\" \/>\n<meta name=\"twitter:label1\" content=\"Est. reading time\" \/>\n\t<meta name=\"twitter:data1\" content=\"1 Minute\" \/>\n<script type=\"application\/ld+json\" class=\"yoast-schema-graph\">{\"@context\":\"https:\/\/schema.org\",\"@graph\":[{\"@type\":\"Organization\",\"@id\":\"https:\/\/swissoriginalcannabis.com\/#organization\",\"name\":\"Swiss Original Cannabis\",\"url\":\"https:\/\/swissoriginalcannabis.com\/\",\"sameAs\":[],\"logo\":{\"@type\":\"ImageObject\",\"@id\":\"https:\/\/swissoriginalcannabis.com\/#logo\",\"inLanguage\":\"de-CH\",\"url\":\"https:\/\/swissoriginalcannabis.com\/wp-content\/uploads\/2019\/09\/swiss_logo_1920x1080.png\",\"contentUrl\":\"https:\/\/swissoriginalcannabis.com\/wp-content\/uploads\/2019\/09\/swiss_logo_1920x1080.png\",\"width\":1920,\"height\":1080,\"caption\":\"Swiss Original Cannabis\"},\"image\":{\"@id\":\"https:\/\/swissoriginalcannabis.com\/#logo\"}},{\"@type\":\"WebSite\",\"@id\":\"https:\/\/swissoriginalcannabis.com\/#website\",\"url\":\"https:\/\/swissoriginalcannabis.com\/\",\"name\":\"Swiss Original Cannabis\",\"description\":\"High quality CBD oil - Get Well, Not HIGH\",\"publisher\":{\"@id\":\"https:\/\/swissoriginalcannabis.com\/#organization\"},\"potentialAction\":[{\"@type\":\"SearchAction\",\"target\":{\"@type\":\"EntryPoint\",\"urlTemplate\":\"https:\/\/swissoriginalcannabis.com\/?s={search_term_string}\"},\"query-input\":\"required name=search_term_string\"}],\"inLanguage\":\"de-CH\"},{\"@type\":\"WebPage\",\"@id\":\"https:\/\/swissoriginalcannabis.com\/about-us\/#webpage\",\"url\":\"https:\/\/swissoriginalcannabis.com\/about-us\/\",\"name\":\"About Us - Swiss Original Cannabis\",\"isPartOf\":{\"@id\":\"https:\/\/swissoriginalcannabis.com\/#website\"},\"datePublished\":\"2017-10-07T13:34:48+00:00\",\"dateModified\":\"2020-06-29T14:02:45+00:00\",\"description\":\"We produce high quality organic CBD products in Switzerland | All products are 3rd party lab tested to ensure the highest quality. CBD oils & more.\",\"breadcrumb\":{\"@id\":\"https:\/\/swissoriginalcannabis.com\/about-us\/#breadcrumb\"},\"inLanguage\":\"de-CH\",\"potentialAction\":[{\"@type\":\"ReadAction\",\"target\":[\"https:\/\/swissoriginalcannabis.com\/about-us\/\"]}]},{\"@type\":\"BreadcrumbList\",\"@id\":\"https:\/\/swissoriginalcannabis.com\/about-us\/#breadcrumb\",\"itemListElement\":[{\"@type\":\"ListItem\",\"position\":1,\"name\":\"Home\",\"item\":\"https:\/\/swissoriginalcannabis.com\/\"},{\"@type\":\"ListItem\",\"position\":2,\"name\":\"About Us\"}]}]}<\/script>\n<!-- \/ Yoast SEO plugin. -->","yoast_head_json":{"title":"About Us - Swiss Original Cannabis","description":"We produce high quality organic CBD products in Switzerland | All products are 3rd party lab tested to ensure the highest quality. CBD oils & more.","robots":{"index":"index","follow":"follow","max-snippet":"max-snippet:-1","max-image-preview":"max-image-preview:large","max-video-preview":"max-video-preview:-1"},"canonical":"https:\/\/swissoriginalcannabis.com\/de\/about-us\/","og_locale":"de_DE","og_type":"article","og_title":"About Us - Swiss Original Cannabis","og_description":"We produce high quality organic CBD products in Switzerland | All products are 3rd party lab tested to ensure the highest quality. CBD oils & more.","og_url":"https:\/\/swissoriginalcannabis.com\/de\/about-us\/","og_site_name":"Swiss Original Cannabis","article_modified_time":"2020-06-29T14:02:45+00:00","twitter_card":"summary_large_image","twitter_misc":{"Est. reading time":"1 Minute"},"schema":{"@context":"https:\/\/schema.org","@graph":[{"@type":"Organization","@id":"https:\/\/swissoriginalcannabis.com\/#organization","name":"Swiss Original Cannabis","url":"https:\/\/swissoriginalcannabis.com\/","sameAs":[],"logo":{"@type":"ImageObject","@id":"https:\/\/swissoriginalcannabis.com\/#logo","inLanguage":"de-CH","url":"https:\/\/swissoriginalcannabis.com\/wp-content\/uploads\/2019\/09\/swiss_logo_1920x1080.png","contentUrl":"https:\/\/swissoriginalcannabis.com\/wp-content\/uploads\/2019\/09\/swiss_logo_1920x1080.png","width":1920,"height":1080,"caption":"Swiss Original Cannabis"},"image":{"@id":"https:\/\/swissoriginalcannabis.com\/#logo"}},{"@type":"WebSite","@id":"https:\/\/swissoriginalcannabis.com\/#website","url":"https:\/\/swissoriginalcannabis.com\/","name":"Swiss Original Cannabis","description":"High quality CBD oil - Get Well, Not HIGH","publisher":{"@id":"https:\/\/swissoriginalcannabis.com\/#organization"},"potentialAction":[{"@type":"SearchAction","target":{"@type":"EntryPoint","urlTemplate":"https:\/\/swissoriginalcannabis.com\/?s={search_term_string}"},"query-input":"required name=search_term_string"}],"inLanguage":"de-CH"},{"@type":"WebPage","@id":"https:\/\/swissoriginalcannabis.com\/about-us\/#webpage","url":"https:\/\/swissoriginalcannabis.com\/about-us\/","name":"About Us - Swiss Original Cannabis","isPartOf":{"@id":"https:\/\/swissoriginalcannabis.com\/#website"},"datePublished":"2017-10-07T13:34:48+00:00","dateModified":"2020-06-29T14:02:45+00:00","description":"We produce high quality organic CBD products in Switzerland | All products are 3rd party lab tested to ensure the highest quality. CBD oils & more.","breadcrumb":{"@id":"https:\/\/swissoriginalcannabis.com\/about-us\/#breadcrumb"},"inLanguage":"de-CH","potentialAction":[{"@type":"ReadAction","target":["https:\/\/swissoriginalcannabis.com\/about-us\/"]}]},{"@type":"BreadcrumbList","@id":"https:\/\/swissoriginalcannabis.com\/about-us\/#breadcrumb","itemListElement":[{"@type":"ListItem","position":1,"name":"Home","item":"https:\/\/swissoriginalcannabis.com\/"},{"@type":"ListItem","position":2,"name":"About Us"}]}]}},"_links":{"self":[{"href":"https:\/\/swissoriginalcannabis.com\/de\/wp-json\/wp\/v2\/pages\/14"}],"collection":[{"href":"https:\/\/swissoriginalcannabis.com\/de\/wp-json\/wp\/v2\/pages"}],"about":[{"href":"https:\/\/swissoriginalcannabis.com\/de\/wp-json\/wp\/v2\/types\/page"}],"author":[{"embeddable":true,"href":"https:\/\/swissoriginalcannabis.com\/de\/wp-json\/wp\/v2\/users\/1"}],"replies":[{"embeddable":true,"href":"https:\/\/swissoriginalcannabis.com\/de\/wp-json\/wp\/v2\/comments?post=14"}],"version-history":[{"count":1,"href":"https:\/\/swissoriginalcannabis.com\/de\/wp-json\/wp\/v2\/pages\/14\/revisions"}],"predecessor-version":[{"id":2084,"href":"https:\/\/swissoriginalcannabis.com\/de\/wp-json\/wp\/v2\/pages\/14\/revisions\/2084"}],"wp:attachment":[{"href":"https:\/\/swissoriginalcannabis.com\/de\/wp-json\/wp\/v2\/media?parent=14"}],"curies":[{"name":"wp","href":"https:\/\/api.w.org\/{rel}","templated":true}]}}