{"id":1121,"date":"2018-10-16T09:26:35","date_gmt":"2018-10-16T07:26:35","guid":{"rendered":"https:\/\/sac.stage.heyrobot.com\/?post_type=product&#038;p=1121"},"modified":"2021-08-14T15:09:16","modified_gmt":"2021-08-14T13:09:16","slug":"10-full-spectrum-cbd-oil","status":"publish","type":"product","link":"https:\/\/swissoriginalcannabis.com\/de\/produkt\/10-full-spectrum-cbd-oil\/","title":{"rendered":"10% Vollspektrum-CBD-\u00d6l"},"content":{"rendered":"<p>Die Geschichte von CBD reicht Tausende von Jahren zur\u00fcck, aber erst in den letzten Jahren sind CBD-Cannabisprodukte leicht erh\u00e4ltlich geworden. Wir von Swiss Original Cannabis haben es uns zur Aufgabe gemacht, die Qualit\u00e4t auf ein neues Niveau zu heben und ein \u00fcberlegenes Produkt mit nat\u00fcrlichen Inhaltsstoffen zu schaffen. Wir legen grossen Wert darauf, dass Sie sich durch das CBD-\u00d6l nicht berauscht oder high f\u00fchlen, sondern vielmehr ausgeglichener. Ein paar Tropfen t\u00e4glich k\u00f6nnen einen sp\u00fcrbaren Unterschied bewirken. Alle Swiss Original Produkte werden von unabh\u00e4ngigen Laboren getestet. Sie sind anti-allergisch und vegan. Get well, not high.<\/p>\n<h4>Anwendung:<\/h4>\n<p>CBD-\u00d6l sollte vor Gebrauch immer gesch\u00fcttelt werden. Wir empfehlen Ihnen, Full Spectrum CBD Oil oral einzunehmen. Beginnen Sie mit jeweils 4-5 Tropfen, die unter die Zunge gelegt werden. Halten Sie sie 20 bis 30 Sekunden lang gedr\u00fcckt. Danach k\u00f6nnen Sie sie mit einem hei\u00dfen Getr\u00e4nk, z. B. Kaffee oder Tee, absp\u00fclen. Es ist gut, unter der Zunge einzunehmen, da es die Wirkgeschwindigkeit erh\u00f6ht und die Cannabinoide besser absorbiert werden.<\/p>\n<h4>Lager:<\/h4>\n<p>Um die Frische des Produkts zu erhalten, empfehlen wir, Full Spectrum CBD Oil an einem dunklen und k\u00fchlen Ort aufzubewahren.<\/p>\n<p><a href=\"https:\/\/swissoriginalcannabis.com\/wp-content\/uploads\/2019\/09\/LU.227.002-05.pdf\" target=\"_blank\" rel=\"noopener noreferrer\">Download analysis as PDF<\/a><\/p>","protected":false},"excerpt":{"rendered":"<p><b>10% Full Spectrum CBD Oil 10 ml<\/b><\/p>\n[show_analysis]\n<p>Wir alle haben gute und schlechte Tage. Wir wissen: Je entspannter und fokussierter wir uns f\u00fchlen, desto besser gehen wir durchs Leben. CBD-\u00d6l kann Sie nicht nur achtsamer machen, sondern auch beruhigen und bes\u00e4nftigen. Wir haben CBD mit einem hochwertigen Hanfsamen\u00f6l verarbeitet, das jeden Tag leicht eingenommen werden kann, damit Sie alle Vorteile von CBD nutzen und Ihr Wohlbefinden verbessern k\u00f6nnen. Original CBD-\u00d6l ist ein Vollspektrum-\u00d6l. Das bedeutet, dass es alle Cannabinoide aus der CBD-Cannabisbl\u00fcte enth\u00e4lt und nicht nur das isolierte CBD, wie es bei vielen anderen Produkten und Marken auf dem Markt der Fall ist. Wir z\u00fcchten unsere CBD-Cannabisbl\u00fcten in unseren Einrichtungen in der Schweiz, um sicherzustellen, dass Sie die allerbeste Qualit\u00e4t erhalten, die Sie verdienen. CBD kann chronische Schmerzen lindern, das Immunsystem st\u00e4rken und Ihren K\u00f6rper und Geist \u00fcber Ihr Nervensystem beruhigen.<\/p>\n<p><strong>Inhalt von Cannabinoiden:<\/strong><br \/>\n&#8211; CBD 10.00 %<br \/>\n&#8211; CBC 0.23 %<br \/>\n&#8211; CGB 0.17 %<br \/>\n&#8211; THC 0.19 %<\/p>","protected":false},"featured_media":1870,"menu_order":4,"comment_status":"closed","ping_status":"closed","template":"","meta":{"_genesis_hide_title":false,"_genesis_hide_breadcrumbs":false,"_genesis_hide_singular_image":false,"_genesis_hide_footer_widgets":false,"_genesis_custom_body_class":"","_genesis_custom_post_class":"","_genesis_layout":""},"product_cat":[56],"product_tag":[],"yoast_head":"<!-- This site is optimized with the Yoast SEO plugin v16.9 - https:\/\/yoast.com\/wordpress\/plugins\/seo\/ -->\n<title>10% Full Spectrum CBD Oil - Swiss Original Cannabis<\/title>\n<meta name=\"description\" content=\"Organic full spectrum CBD Oil 10% \/ 500mg | 3rd Party Lab Tested | Legal in EU | High Quality, certified CBD oil\" \/>\n<meta name=\"robots\" content=\"index, follow, max-snippet:-1, max-image-preview:large, max-video-preview:-1\" \/>\n<link rel=\"canonical\" href=\"https:\/\/swissoriginalcannabis.com\/de\/produkt\/10-full-spectrum-cbd-oil\/\" \/>\n<meta property=\"og:locale\" content=\"de_DE\" \/>\n<meta property=\"og:type\" content=\"article\" \/>\n<meta property=\"og:title\" content=\"10% Full Spectrum CBD Oil - Swiss Original Cannabis\" \/>\n<meta property=\"og:description\" content=\"Organic full spectrum CBD Oil 10% \/ 500mg | 3rd Party Lab Tested | Legal in EU | High Quality, certified CBD oil\" \/>\n<meta property=\"og:url\" content=\"https:\/\/swissoriginalcannabis.com\/de\/produkt\/10-full-spectrum-cbd-oil\/\" \/>\n<meta property=\"og:site_name\" content=\"Swiss Original Cannabis\" \/>\n<meta property=\"article:modified_time\" content=\"2021-08-14T13:09:16+00:00\" \/>\n<meta property=\"og:image\" content=\"https:\/\/swissoriginalcannabis.com\/wp-content\/uploads\/2020\/04\/V6_10P_OIL_AND_BOX_CAMERA_65_LIGHT_90_MAIN_WITH_BOX-Current-View.jpg\" \/>\n\t<meta property=\"og:image:width\" content=\"1500\" \/>\n\t<meta property=\"og:image:height\" content=\"900\" \/>\n<meta name=\"twitter:card\" content=\"summary_large_image\" \/>\n<meta name=\"twitter:label1\" content=\"Est. reading time\" \/>\n\t<meta name=\"twitter:data1\" content=\"1 Minute\" \/>\n<script type=\"application\/ld+json\" class=\"yoast-schema-graph\">{\"@context\":\"https:\/\/schema.org\",\"@graph\":[{\"@type\":\"Organization\",\"@id\":\"https:\/\/swissoriginalcannabis.com\/#organization\",\"name\":\"Swiss Original Cannabis\",\"url\":\"https:\/\/swissoriginalcannabis.com\/\",\"sameAs\":[],\"logo\":{\"@type\":\"ImageObject\",\"@id\":\"https:\/\/swissoriginalcannabis.com\/#logo\",\"inLanguage\":\"de-CH\",\"url\":\"https:\/\/swissoriginalcannabis.com\/wp-content\/uploads\/2019\/09\/swiss_logo_1920x1080.png\",\"contentUrl\":\"https:\/\/swissoriginalcannabis.com\/wp-content\/uploads\/2019\/09\/swiss_logo_1920x1080.png\",\"width\":1920,\"height\":1080,\"caption\":\"Swiss Original Cannabis\"},\"image\":{\"@id\":\"https:\/\/swissoriginalcannabis.com\/#logo\"}},{\"@type\":\"WebSite\",\"@id\":\"https:\/\/swissoriginalcannabis.com\/#website\",\"url\":\"https:\/\/swissoriginalcannabis.com\/\",\"name\":\"Swiss Original Cannabis\",\"description\":\"High quality CBD oil - Get Well, Not HIGH\",\"publisher\":{\"@id\":\"https:\/\/swissoriginalcannabis.com\/#organization\"},\"potentialAction\":[{\"@type\":\"SearchAction\",\"target\":{\"@type\":\"EntryPoint\",\"urlTemplate\":\"https:\/\/swissoriginalcannabis.com\/?s={search_term_string}\"},\"query-input\":\"required name=search_term_string\"}],\"inLanguage\":\"de-CH\"},{\"@type\":\"ImageObject\",\"@id\":\"https:\/\/swissoriginalcannabis.com\/product\/10-full-spectrum-cbd-oil\/#primaryimage\",\"inLanguage\":\"de-CH\",\"url\":\"https:\/\/swissoriginalcannabis.com\/wp-content\/uploads\/2020\/04\/V6_10P_OIL_AND_BOX_CAMERA_65_LIGHT_90_MAIN_WITH_BOX-Current-View.jpg\",\"contentUrl\":\"https:\/\/swissoriginalcannabis.com\/wp-content\/uploads\/2020\/04\/V6_10P_OIL_AND_BOX_CAMERA_65_LIGHT_90_MAIN_WITH_BOX-Current-View.jpg\",\"width\":1500,\"height\":900},{\"@type\":\"WebPage\",\"@id\":\"https:\/\/swissoriginalcannabis.com\/product\/10-full-spectrum-cbd-oil\/#webpage\",\"url\":\"https:\/\/swissoriginalcannabis.com\/product\/10-full-spectrum-cbd-oil\/\",\"name\":\"10% Full Spectrum CBD Oil - Swiss Original Cannabis\",\"isPartOf\":{\"@id\":\"https:\/\/swissoriginalcannabis.com\/#website\"},\"primaryImageOfPage\":{\"@id\":\"https:\/\/swissoriginalcannabis.com\/product\/10-full-spectrum-cbd-oil\/#primaryimage\"},\"datePublished\":\"2018-10-16T07:26:35+00:00\",\"dateModified\":\"2021-08-14T13:09:16+00:00\",\"description\":\"Organic full spectrum CBD Oil 10% \/ 500mg | 3rd Party Lab Tested | Legal in EU | High Quality, certified CBD oil\",\"breadcrumb\":{\"@id\":\"https:\/\/swissoriginalcannabis.com\/product\/10-full-spectrum-cbd-oil\/#breadcrumb\"},\"inLanguage\":\"de-CH\",\"potentialAction\":[{\"@type\":\"ReadAction\",\"target\":[\"https:\/\/swissoriginalcannabis.com\/product\/10-full-spectrum-cbd-oil\/\"]}]},{\"@type\":\"BreadcrumbList\",\"@id\":\"https:\/\/swissoriginalcannabis.com\/product\/10-full-spectrum-cbd-oil\/#breadcrumb\",\"itemListElement\":[{\"@type\":\"ListItem\",\"position\":1,\"name\":\"Home\",\"item\":\"https:\/\/swissoriginalcannabis.com\/\"},{\"@type\":\"ListItem\",\"position\":2,\"name\":\"Shop\",\"item\":\"https:\/\/swissoriginalcannabis.com\/shop\/\"},{\"@type\":\"ListItem\",\"position\":3,\"name\":\"10% Full Spectrum CBD Oil\"}]}]}<\/script>\n<!-- \/ Yoast SEO plugin. -->","yoast_head_json":{"title":"10% Full Spectrum CBD Oil - Swiss Original Cannabis","description":"Organic full spectrum CBD Oil 10% \/ 500mg | 3rd Party Lab Tested | Legal in EU | High Quality, certified CBD oil","robots":{"index":"index","follow":"follow","max-snippet":"max-snippet:-1","max-image-preview":"max-image-preview:large","max-video-preview":"max-video-preview:-1"},"canonical":"https:\/\/swissoriginalcannabis.com\/de\/produkt\/10-full-spectrum-cbd-oil\/","og_locale":"de_DE","og_type":"article","og_title":"10% Full Spectrum CBD Oil - Swiss Original Cannabis","og_description":"Organic full spectrum CBD Oil 10% \/ 500mg | 3rd Party Lab Tested | Legal in EU | High Quality, certified CBD oil","og_url":"https:\/\/swissoriginalcannabis.com\/de\/produkt\/10-full-spectrum-cbd-oil\/","og_site_name":"Swiss Original Cannabis","article_modified_time":"2021-08-14T13:09:16+00:00","og_image":[{"width":1500,"height":900,"url":"https:\/\/swissoriginalcannabis.com\/wp-content\/uploads\/2020\/04\/V6_10P_OIL_AND_BOX_CAMERA_65_LIGHT_90_MAIN_WITH_BOX-Current-View.jpg","path":"\/var\/www\/swissoriginalcannabis.com\/html\/wp-content\/uploads\/2020\/04\/V6_10P_OIL_AND_BOX_CAMERA_65_LIGHT_90_MAIN_WITH_BOX-Current-View.jpg","size":"full","id":1870,"alt":"","pixels":1350000,"type":"image\/jpeg"}],"twitter_card":"summary_large_image","twitter_misc":{"Est. reading time":"1 Minute"},"schema":{"@context":"https:\/\/schema.org","@graph":[{"@type":"Organization","@id":"https:\/\/swissoriginalcannabis.com\/#organization","name":"Swiss Original Cannabis","url":"https:\/\/swissoriginalcannabis.com\/","sameAs":[],"logo":{"@type":"ImageObject","@id":"https:\/\/swissoriginalcannabis.com\/#logo","inLanguage":"de-CH","url":"https:\/\/swissoriginalcannabis.com\/wp-content\/uploads\/2019\/09\/swiss_logo_1920x1080.png","contentUrl":"https:\/\/swissoriginalcannabis.com\/wp-content\/uploads\/2019\/09\/swiss_logo_1920x1080.png","width":1920,"height":1080,"caption":"Swiss Original Cannabis"},"image":{"@id":"https:\/\/swissoriginalcannabis.com\/#logo"}},{"@type":"WebSite","@id":"https:\/\/swissoriginalcannabis.com\/#website","url":"https:\/\/swissoriginalcannabis.com\/","name":"Swiss Original Cannabis","description":"High quality CBD oil - Get Well, Not HIGH","publisher":{"@id":"https:\/\/swissoriginalcannabis.com\/#organization"},"potentialAction":[{"@type":"SearchAction","target":{"@type":"EntryPoint","urlTemplate":"https:\/\/swissoriginalcannabis.com\/?s={search_term_string}"},"query-input":"required name=search_term_string"}],"inLanguage":"de-CH"},{"@type":"ImageObject","@id":"https:\/\/swissoriginalcannabis.com\/product\/10-full-spectrum-cbd-oil\/#primaryimage","inLanguage":"de-CH","url":"https:\/\/swissoriginalcannabis.com\/wp-content\/uploads\/2020\/04\/V6_10P_OIL_AND_BOX_CAMERA_65_LIGHT_90_MAIN_WITH_BOX-Current-View.jpg","contentUrl":"https:\/\/swissoriginalcannabis.com\/wp-content\/uploads\/2020\/04\/V6_10P_OIL_AND_BOX_CAMERA_65_LIGHT_90_MAIN_WITH_BOX-Current-View.jpg","width":1500,"height":900},{"@type":"WebPage","@id":"https:\/\/swissoriginalcannabis.com\/product\/10-full-spectrum-cbd-oil\/#webpage","url":"https:\/\/swissoriginalcannabis.com\/product\/10-full-spectrum-cbd-oil\/","name":"10% Full Spectrum CBD Oil - Swiss Original Cannabis","isPartOf":{"@id":"https:\/\/swissoriginalcannabis.com\/#website"},"primaryImageOfPage":{"@id":"https:\/\/swissoriginalcannabis.com\/product\/10-full-spectrum-cbd-oil\/#primaryimage"},"datePublished":"2018-10-16T07:26:35+00:00","dateModified":"2021-08-14T13:09:16+00:00","description":"Organic full spectrum CBD Oil 10% \/ 500mg | 3rd Party Lab Tested | Legal in EU | High Quality, certified CBD oil","breadcrumb":{"@id":"https:\/\/swissoriginalcannabis.com\/product\/10-full-spectrum-cbd-oil\/#breadcrumb"},"inLanguage":"de-CH","potentialAction":[{"@type":"ReadAction","target":["https:\/\/swissoriginalcannabis.com\/product\/10-full-spectrum-cbd-oil\/"]}]},{"@type":"BreadcrumbList","@id":"https:\/\/swissoriginalcannabis.com\/product\/10-full-spectrum-cbd-oil\/#breadcrumb","itemListElement":[{"@type":"ListItem","position":1,"name":"Home","item":"https:\/\/swissoriginalcannabis.com\/"},{"@type":"ListItem","position":2,"name":"Shop","item":"https:\/\/swissoriginalcannabis.com\/shop\/"},{"@type":"ListItem","position":3,"name":"10% Full Spectrum CBD Oil"}]}]}},"_links":{"self":[{"href":"https:\/\/swissoriginalcannabis.com\/de\/wp-json\/wp\/v2\/product\/1121"}],"collection":[{"href":"https:\/\/swissoriginalcannabis.com\/de\/wp-json\/wp\/v2\/product"}],"about":[{"href":"https:\/\/swissoriginalcannabis.com\/de\/wp-json\/wp\/v2\/types\/product"}],"replies":[{"embeddable":true,"href":"https:\/\/swissoriginalcannabis.com\/de\/wp-json\/wp\/v2\/comments?post=1121"}],"wp:featuredmedia":[{"embeddable":true,"href":"https:\/\/swissoriginalcannabis.com\/de\/wp-json\/wp\/v2\/media\/1870"}],"wp:attachment":[{"href":"https:\/\/swissoriginalcannabis.com\/de\/wp-json\/wp\/v2\/media?parent=1121"}],"wp:term":[{"taxonomy":"product_cat","embeddable":true,"href":"https:\/\/swissoriginalcannabis.com\/de\/wp-json\/wp\/v2\/product_cat?post=1121"},{"taxonomy":"product_tag","embeddable":true,"href":"https:\/\/swissoriginalcannabis.com\/de\/wp-json\/wp\/v2\/product_tag?post=1121"}],"curies":[{"name":"wp","href":"https:\/\/api.w.org\/{rel}","templated":true}]}}