{"id":1212,"date":"2019-05-28T10:06:26","date_gmt":"2019-05-28T08:06:26","guid":{"rendered":"https:\/\/swissoriginalcannabis.com\/?post_type=product&#038;p=1212"},"modified":"2021-08-14T16:09:09","modified_gmt":"2021-08-14T14:09:09","slug":"original-cbd-lotion","status":"publish","type":"product","link":"https:\/\/swissoriginalcannabis.com\/de\/produkt\/original-cbd-lotion\/","title":{"rendered":"Original CBD Lotion 300mg"},"content":{"rendered":"<h4>Anwendung:<\/h4>\n<p>Tragen Sie die Original CBD Lotion auf die Haut auf und massieren Sie sie sanft ein.<\/p>\n<h4>Lager:<\/h4>\n<p>Um die Frische des Produkts zu erhalten, empfehlen wir, CBD Creme an einem dunklen und k\u00fchlen Ort aufzubewahren.<\/p>","protected":false},"excerpt":{"rendered":"<p><b>150 ml Lotion und 300 mg CBD<\/b><\/p>\n[show_analysis]\n<p>Wir wissen alle, dass Feuchtigkeit f\u00fcr eine frische Haut unerl\u00e4sslich ist. Aber Hautpflege von heute ist viel mehr als das. Durch die Hinzugabe von CBD in unsere Hautpflegeprodukte beruhigen, entspannen, reparieren und pflegen wir die Haut zus\u00e4tzlich. Original CBD-Lotion weist entz\u00fcndungshemmende Eigenschaften auf, die die Haut t\u00e4glich verj\u00fcngen und regenerieren und gleichzeitig vor oxidativem Stress sch\u00fctzen. Sie hilft Ihnen dabei, Akne und Ekzeme vorzubeugen und Ihre Haut vor Irritationen und Juckreiz zu sch\u00fctzen.<\/p>\n<p>Es sind die Inhaltsstoffe, die unsere Lotion von anderen abhebt. Die Inhaltsstoffe sorgen daf\u00fcr, dass sich die Lotion unglaublich frisch anf\u00fchlt und zudem wunderbar duftet. Unsere in der Schweiz angebauten CBD-Pflanzen haben nachweislich bedeutende Vorteile und stehen f\u00fcr ein modernes Gef\u00fchl von Wellness. Und jetzt k\u00f6nnen Sie diese t\u00e4glich benutzen. Alle Swiss Original Cannabis Produkte werden von unabh\u00e4ngigen Dermatologen im Labor getestet. Sie sind anti-allergisch und vegan. Get well, not high.<\/p>\n<p>Nat\u00fcrliche Inhaltsstoffe:<br \/>\n\u2013 Edelweiss aus den Schweizer Alpen<br \/>\n\u2013 Schweizer Bergquellwasser<br \/>\n\u2013 Jojoba-\u00d6l<\/span><\/p>","protected":false},"featured_media":1878,"menu_order":2,"comment_status":"closed","ping_status":"closed","template":"","meta":{"_genesis_hide_title":false,"_genesis_hide_breadcrumbs":false,"_genesis_hide_singular_image":false,"_genesis_hide_footer_widgets":false,"_genesis_custom_body_class":"","_genesis_custom_post_class":"","_genesis_layout":""},"product_cat":[76],"product_tag":[],"yoast_head":"<!-- This site is optimized with the Yoast SEO plugin v16.9 - https:\/\/yoast.com\/wordpress\/plugins\/seo\/ -->\n<title>Original CBD Lotion 300mg - Swiss Original Cannabis<\/title>\n<meta name=\"description\" content=\"Full spectrum CBD Lotion | 3rd Party Lab Tested | Legal in EU | High Quality Swiss grown cannabis and jojoba oil to make the best CBD Lotion.\" \/>\n<meta name=\"robots\" content=\"index, follow, max-snippet:-1, max-image-preview:large, max-video-preview:-1\" \/>\n<link rel=\"canonical\" href=\"https:\/\/swissoriginalcannabis.com\/de\/produkt\/original-cbd-lotion\/\" \/>\n<meta property=\"og:locale\" content=\"de_DE\" \/>\n<meta property=\"og:type\" content=\"article\" \/>\n<meta property=\"og:title\" content=\"Original CBD Lotion 300mg - Swiss Original Cannabis\" \/>\n<meta property=\"og:description\" content=\"Full spectrum CBD Lotion | 3rd Party Lab Tested | Legal in EU | High Quality Swiss grown cannabis and jojoba oil to make the best CBD Lotion.\" \/>\n<meta property=\"og:url\" content=\"https:\/\/swissoriginalcannabis.com\/de\/produkt\/original-cbd-lotion\/\" \/>\n<meta property=\"og:site_name\" content=\"Swiss Original Cannabis\" \/>\n<meta property=\"article:modified_time\" content=\"2021-08-14T14:09:09+00:00\" \/>\n<meta property=\"og:image\" content=\"https:\/\/swissoriginalcannabis.com\/wp-content\/uploads\/2020\/04\/V6_LOTION_AND_BOX_CAMERA_60_GLOBAL_80_TOP_ANGLE-Current-View.jpg\" \/>\n\t<meta property=\"og:image:width\" content=\"1500\" \/>\n\t<meta property=\"og:image:height\" content=\"900\" \/>\n<meta name=\"twitter:card\" content=\"summary_large_image\" \/>\n<script type=\"application\/ld+json\" class=\"yoast-schema-graph\">{\"@context\":\"https:\/\/schema.org\",\"@graph\":[{\"@type\":\"Organization\",\"@id\":\"https:\/\/swissoriginalcannabis.com\/#organization\",\"name\":\"Swiss Original Cannabis\",\"url\":\"https:\/\/swissoriginalcannabis.com\/\",\"sameAs\":[],\"logo\":{\"@type\":\"ImageObject\",\"@id\":\"https:\/\/swissoriginalcannabis.com\/#logo\",\"inLanguage\":\"de-CH\",\"url\":\"https:\/\/swissoriginalcannabis.com\/wp-content\/uploads\/2019\/09\/swiss_logo_1920x1080.png\",\"contentUrl\":\"https:\/\/swissoriginalcannabis.com\/wp-content\/uploads\/2019\/09\/swiss_logo_1920x1080.png\",\"width\":1920,\"height\":1080,\"caption\":\"Swiss Original Cannabis\"},\"image\":{\"@id\":\"https:\/\/swissoriginalcannabis.com\/#logo\"}},{\"@type\":\"WebSite\",\"@id\":\"https:\/\/swissoriginalcannabis.com\/#website\",\"url\":\"https:\/\/swissoriginalcannabis.com\/\",\"name\":\"Swiss Original Cannabis\",\"description\":\"High quality CBD oil - Get Well, Not HIGH\",\"publisher\":{\"@id\":\"https:\/\/swissoriginalcannabis.com\/#organization\"},\"potentialAction\":[{\"@type\":\"SearchAction\",\"target\":{\"@type\":\"EntryPoint\",\"urlTemplate\":\"https:\/\/swissoriginalcannabis.com\/?s={search_term_string}\"},\"query-input\":\"required name=search_term_string\"}],\"inLanguage\":\"de-CH\"},{\"@type\":\"ImageObject\",\"@id\":\"https:\/\/swissoriginalcannabis.com\/product\/original-cbd-lotion\/#primaryimage\",\"inLanguage\":\"de-CH\",\"url\":\"https:\/\/swissoriginalcannabis.com\/wp-content\/uploads\/2020\/04\/V6_LOTION_AND_BOX_CAMERA_60_GLOBAL_80_TOP_ANGLE-Current-View.jpg\",\"contentUrl\":\"https:\/\/swissoriginalcannabis.com\/wp-content\/uploads\/2020\/04\/V6_LOTION_AND_BOX_CAMERA_60_GLOBAL_80_TOP_ANGLE-Current-View.jpg\",\"width\":1500,\"height\":900},{\"@type\":\"WebPage\",\"@id\":\"https:\/\/swissoriginalcannabis.com\/product\/original-cbd-lotion\/#webpage\",\"url\":\"https:\/\/swissoriginalcannabis.com\/product\/original-cbd-lotion\/\",\"name\":\"Original CBD Lotion 300mg - Swiss Original Cannabis\",\"isPartOf\":{\"@id\":\"https:\/\/swissoriginalcannabis.com\/#website\"},\"primaryImageOfPage\":{\"@id\":\"https:\/\/swissoriginalcannabis.com\/product\/original-cbd-lotion\/#primaryimage\"},\"datePublished\":\"2019-05-28T08:06:26+00:00\",\"dateModified\":\"2021-08-14T14:09:09+00:00\",\"description\":\"Full spectrum CBD Lotion | 3rd Party Lab Tested | Legal in EU | High Quality Swiss grown cannabis and jojoba oil to make the best CBD Lotion.\",\"breadcrumb\":{\"@id\":\"https:\/\/swissoriginalcannabis.com\/product\/original-cbd-lotion\/#breadcrumb\"},\"inLanguage\":\"de-CH\",\"potentialAction\":[{\"@type\":\"ReadAction\",\"target\":[\"https:\/\/swissoriginalcannabis.com\/product\/original-cbd-lotion\/\"]}]},{\"@type\":\"BreadcrumbList\",\"@id\":\"https:\/\/swissoriginalcannabis.com\/product\/original-cbd-lotion\/#breadcrumb\",\"itemListElement\":[{\"@type\":\"ListItem\",\"position\":1,\"name\":\"Home\",\"item\":\"https:\/\/swissoriginalcannabis.com\/\"},{\"@type\":\"ListItem\",\"position\":2,\"name\":\"Shop\",\"item\":\"https:\/\/swissoriginalcannabis.com\/shop\/\"},{\"@type\":\"ListItem\",\"position\":3,\"name\":\"Original CBD Lotion 300mg\"}]}]}<\/script>\n<!-- \/ Yoast SEO plugin. -->","yoast_head_json":{"title":"Original CBD Lotion 300mg - Swiss Original Cannabis","description":"Full spectrum CBD Lotion | 3rd Party Lab Tested | Legal in EU | High Quality Swiss grown cannabis and jojoba oil to make the best CBD Lotion.","robots":{"index":"index","follow":"follow","max-snippet":"max-snippet:-1","max-image-preview":"max-image-preview:large","max-video-preview":"max-video-preview:-1"},"canonical":"https:\/\/swissoriginalcannabis.com\/de\/produkt\/original-cbd-lotion\/","og_locale":"de_DE","og_type":"article","og_title":"Original CBD Lotion 300mg - Swiss Original Cannabis","og_description":"Full spectrum CBD Lotion | 3rd Party Lab Tested | Legal in EU | High Quality Swiss grown cannabis and jojoba oil to make the best CBD Lotion.","og_url":"https:\/\/swissoriginalcannabis.com\/de\/produkt\/original-cbd-lotion\/","og_site_name":"Swiss Original Cannabis","article_modified_time":"2021-08-14T14:09:09+00:00","og_image":[{"width":1500,"height":900,"url":"https:\/\/swissoriginalcannabis.com\/wp-content\/uploads\/2020\/04\/V6_LOTION_AND_BOX_CAMERA_60_GLOBAL_80_TOP_ANGLE-Current-View.jpg","path":"\/var\/www\/swissoriginalcannabis.com\/html\/wp-content\/uploads\/2020\/04\/V6_LOTION_AND_BOX_CAMERA_60_GLOBAL_80_TOP_ANGLE-Current-View.jpg","size":"full","id":1878,"alt":"","pixels":1350000,"type":"image\/jpeg"}],"twitter_card":"summary_large_image","schema":{"@context":"https:\/\/schema.org","@graph":[{"@type":"Organization","@id":"https:\/\/swissoriginalcannabis.com\/#organization","name":"Swiss Original Cannabis","url":"https:\/\/swissoriginalcannabis.com\/","sameAs":[],"logo":{"@type":"ImageObject","@id":"https:\/\/swissoriginalcannabis.com\/#logo","inLanguage":"de-CH","url":"https:\/\/swissoriginalcannabis.com\/wp-content\/uploads\/2019\/09\/swiss_logo_1920x1080.png","contentUrl":"https:\/\/swissoriginalcannabis.com\/wp-content\/uploads\/2019\/09\/swiss_logo_1920x1080.png","width":1920,"height":1080,"caption":"Swiss Original Cannabis"},"image":{"@id":"https:\/\/swissoriginalcannabis.com\/#logo"}},{"@type":"WebSite","@id":"https:\/\/swissoriginalcannabis.com\/#website","url":"https:\/\/swissoriginalcannabis.com\/","name":"Swiss Original Cannabis","description":"High quality CBD oil - Get Well, Not HIGH","publisher":{"@id":"https:\/\/swissoriginalcannabis.com\/#organization"},"potentialAction":[{"@type":"SearchAction","target":{"@type":"EntryPoint","urlTemplate":"https:\/\/swissoriginalcannabis.com\/?s={search_term_string}"},"query-input":"required name=search_term_string"}],"inLanguage":"de-CH"},{"@type":"ImageObject","@id":"https:\/\/swissoriginalcannabis.com\/product\/original-cbd-lotion\/#primaryimage","inLanguage":"de-CH","url":"https:\/\/swissoriginalcannabis.com\/wp-content\/uploads\/2020\/04\/V6_LOTION_AND_BOX_CAMERA_60_GLOBAL_80_TOP_ANGLE-Current-View.jpg","contentUrl":"https:\/\/swissoriginalcannabis.com\/wp-content\/uploads\/2020\/04\/V6_LOTION_AND_BOX_CAMERA_60_GLOBAL_80_TOP_ANGLE-Current-View.jpg","width":1500,"height":900},{"@type":"WebPage","@id":"https:\/\/swissoriginalcannabis.com\/product\/original-cbd-lotion\/#webpage","url":"https:\/\/swissoriginalcannabis.com\/product\/original-cbd-lotion\/","name":"Original CBD Lotion 300mg - Swiss Original Cannabis","isPartOf":{"@id":"https:\/\/swissoriginalcannabis.com\/#website"},"primaryImageOfPage":{"@id":"https:\/\/swissoriginalcannabis.com\/product\/original-cbd-lotion\/#primaryimage"},"datePublished":"2019-05-28T08:06:26+00:00","dateModified":"2021-08-14T14:09:09+00:00","description":"Full spectrum CBD Lotion | 3rd Party Lab Tested | Legal in EU | High Quality Swiss grown cannabis and jojoba oil to make the best CBD Lotion.","breadcrumb":{"@id":"https:\/\/swissoriginalcannabis.com\/product\/original-cbd-lotion\/#breadcrumb"},"inLanguage":"de-CH","potentialAction":[{"@type":"ReadAction","target":["https:\/\/swissoriginalcannabis.com\/product\/original-cbd-lotion\/"]}]},{"@type":"BreadcrumbList","@id":"https:\/\/swissoriginalcannabis.com\/product\/original-cbd-lotion\/#breadcrumb","itemListElement":[{"@type":"ListItem","position":1,"name":"Home","item":"https:\/\/swissoriginalcannabis.com\/"},{"@type":"ListItem","position":2,"name":"Shop","item":"https:\/\/swissoriginalcannabis.com\/shop\/"},{"@type":"ListItem","position":3,"name":"Original CBD Lotion 300mg"}]}]}},"_links":{"self":[{"href":"https:\/\/swissoriginalcannabis.com\/de\/wp-json\/wp\/v2\/product\/1212"}],"collection":[{"href":"https:\/\/swissoriginalcannabis.com\/de\/wp-json\/wp\/v2\/product"}],"about":[{"href":"https:\/\/swissoriginalcannabis.com\/de\/wp-json\/wp\/v2\/types\/product"}],"replies":[{"embeddable":true,"href":"https:\/\/swissoriginalcannabis.com\/de\/wp-json\/wp\/v2\/comments?post=1212"}],"wp:featuredmedia":[{"embeddable":true,"href":"https:\/\/swissoriginalcannabis.com\/de\/wp-json\/wp\/v2\/media\/1878"}],"wp:attachment":[{"href":"https:\/\/swissoriginalcannabis.com\/de\/wp-json\/wp\/v2\/media?parent=1212"}],"wp:term":[{"taxonomy":"product_cat","embeddable":true,"href":"https:\/\/swissoriginalcannabis.com\/de\/wp-json\/wp\/v2\/product_cat?post=1212"},{"taxonomy":"product_tag","embeddable":true,"href":"https:\/\/swissoriginalcannabis.com\/de\/wp-json\/wp\/v2\/product_tag?post=1212"}],"curies":[{"name":"wp","href":"https:\/\/api.w.org\/{rel}","templated":true}]}}