{"id":1485,"date":"2020-01-12T12:46:23","date_gmt":"2020-01-12T11:46:23","guid":{"rendered":"https:\/\/swissoriginalcannabis.com\/?post_type=product&#038;p=1485"},"modified":"2021-08-18T13:16:23","modified_gmt":"2021-08-18T11:16:23","slug":"original-cbd-capsules","status":"publish","type":"product","link":"https:\/\/swissoriginalcannabis.com\/de\/produkt\/original-cbd-capsules\/","title":{"rendered":"Original CBD Kapseln"},"content":{"rendered":"<p><span style=\"font-weight: 400;\">Original CBD Kapseln werden oral eingenommen. Eine Kapsel pro Tag gibt Ihnen die Menge an Vitamin B12 und CBD, die Ihr K\u00f6rper ben\u00f6tigt.<\/span><\/p>","protected":false},"excerpt":{"rendered":"<p><b>15 Kapseln mit 20 mg CBD<\/b><\/p>\n[show_analysis]\n<p>Eine Kapsel pro Tag deckt den Bedarf an Vitamin B12 und CBD Ihres K\u00f6rpers. Original CBD-Kapseln werden aus CBD-Cannabisbl\u00fcten unter Zusatz von hochwertigem Bio-Hanfsamen\u00f6l hergestellt. Die Kapseln enthalten zudem Vitamin B12, um Ihre Gesundheit zu verbessern und Ihr Immunsystem zu st\u00e4rken. Sie sind aus einem weichen Gel hergestellt, sodass Sie Ihr CBD bequem zu sich nehmen k\u00f6nnen. Die Kapseln liefern genau abgemessene Dosierungen, die auf Ihre speziellen Bed\u00fcrfnisse abgestimmt sind. Wir empfehlen, mit einer Kapsel pro Tag zu beginnen. Als gute Faustregel gilt, mit der niedrigstm\u00f6glichen Dosis zu beginnen und die Menge langsam zu erh\u00f6hen (falls n\u00f6tig).\nDie Kapseln sind geschmacklos und leicht verdaulich und k\u00f6nnen mit Ihren t\u00e4glichen Nahrungserg\u00e4nzungsmitteln oder anderen Vitaminen zu jeder Tageszeit eingenommen werden. Es ist eine tolle M\u00f6glichkeit, CBD in Ihr Leben einzuf\u00fchren.<\/p>\n<p>CBD kann chronische Schmerzen lindern, das Immunsystem st\u00e4rken und Ihren K\u00f6rper und Geist \u00fcber Ihr Nervensystem beruhigen. Alle Swiss Original Produkte werden von unabh\u00e4ngigen Laboren getestet. Sie sind anti-allergisch und vegan. Get well, not high.<\/p>","protected":false},"featured_media":1874,"menu_order":5,"comment_status":"closed","ping_status":"closed","template":"","meta":{"_genesis_hide_title":false,"_genesis_hide_breadcrumbs":false,"_genesis_hide_singular_image":false,"_genesis_hide_footer_widgets":false,"_genesis_custom_body_class":"","_genesis_custom_post_class":"","_genesis_layout":""},"product_cat":[56],"product_tag":[],"yoast_head":"<!-- This site is optimized with the Yoast SEO plugin v16.9 - https:\/\/yoast.com\/wordpress\/plugins\/seo\/ -->\n<title>Original CBD Capsules - Swiss Original Cannabis<\/title>\n<meta name=\"description\" content=\"Organic full spectrum CBD Capsules 20mg | 3rd Party Lab Tested | Legal in EU | Certified, legal CBD to make the best CBD Capsules.\" \/>\n<meta name=\"robots\" content=\"index, follow, max-snippet:-1, max-image-preview:large, max-video-preview:-1\" \/>\n<link rel=\"canonical\" href=\"https:\/\/swissoriginalcannabis.com\/de\/produkt\/original-cbd-capsules\/\" \/>\n<meta property=\"og:locale\" content=\"de_DE\" \/>\n<meta property=\"og:type\" content=\"article\" \/>\n<meta property=\"og:title\" content=\"Original CBD Capsules - Swiss Original Cannabis\" \/>\n<meta property=\"og:description\" content=\"Organic full spectrum CBD Capsules 20mg | 3rd Party Lab Tested | Legal in EU | Certified, legal CBD to make the best CBD Capsules.\" \/>\n<meta property=\"og:url\" content=\"https:\/\/swissoriginalcannabis.com\/de\/produkt\/original-cbd-capsules\/\" \/>\n<meta property=\"og:site_name\" content=\"Swiss Original Cannabis\" \/>\n<meta property=\"article:modified_time\" content=\"2021-08-18T11:16:23+00:00\" \/>\n<meta property=\"og:image\" content=\"https:\/\/swissoriginalcannabis.com\/wp-content\/uploads\/2020\/04\/V6_CAPSULES_CAMERA_60_GLOBAL_80_TOP_ANGLE-Current-View.jpg\" \/>\n\t<meta property=\"og:image:width\" content=\"1500\" \/>\n\t<meta property=\"og:image:height\" content=\"900\" \/>\n<meta name=\"twitter:card\" content=\"summary_large_image\" \/>\n<script type=\"application\/ld+json\" class=\"yoast-schema-graph\">{\"@context\":\"https:\/\/schema.org\",\"@graph\":[{\"@type\":\"Organization\",\"@id\":\"https:\/\/swissoriginalcannabis.com\/#organization\",\"name\":\"Swiss Original Cannabis\",\"url\":\"https:\/\/swissoriginalcannabis.com\/\",\"sameAs\":[],\"logo\":{\"@type\":\"ImageObject\",\"@id\":\"https:\/\/swissoriginalcannabis.com\/#logo\",\"inLanguage\":\"de-CH\",\"url\":\"https:\/\/swissoriginalcannabis.com\/wp-content\/uploads\/2019\/09\/swiss_logo_1920x1080.png\",\"contentUrl\":\"https:\/\/swissoriginalcannabis.com\/wp-content\/uploads\/2019\/09\/swiss_logo_1920x1080.png\",\"width\":1920,\"height\":1080,\"caption\":\"Swiss Original Cannabis\"},\"image\":{\"@id\":\"https:\/\/swissoriginalcannabis.com\/#logo\"}},{\"@type\":\"WebSite\",\"@id\":\"https:\/\/swissoriginalcannabis.com\/#website\",\"url\":\"https:\/\/swissoriginalcannabis.com\/\",\"name\":\"Swiss Original Cannabis\",\"description\":\"High quality CBD oil - Get Well, Not HIGH\",\"publisher\":{\"@id\":\"https:\/\/swissoriginalcannabis.com\/#organization\"},\"potentialAction\":[{\"@type\":\"SearchAction\",\"target\":{\"@type\":\"EntryPoint\",\"urlTemplate\":\"https:\/\/swissoriginalcannabis.com\/?s={search_term_string}\"},\"query-input\":\"required name=search_term_string\"}],\"inLanguage\":\"de-CH\"},{\"@type\":\"ImageObject\",\"@id\":\"https:\/\/swissoriginalcannabis.com\/product\/original-cbd-capsules\/#primaryimage\",\"inLanguage\":\"de-CH\",\"url\":\"https:\/\/swissoriginalcannabis.com\/wp-content\/uploads\/2020\/04\/V6_CAPSULES_CAMERA_60_GLOBAL_80_TOP_ANGLE-Current-View.jpg\",\"contentUrl\":\"https:\/\/swissoriginalcannabis.com\/wp-content\/uploads\/2020\/04\/V6_CAPSULES_CAMERA_60_GLOBAL_80_TOP_ANGLE-Current-View.jpg\",\"width\":1500,\"height\":900},{\"@type\":\"WebPage\",\"@id\":\"https:\/\/swissoriginalcannabis.com\/product\/original-cbd-capsules\/#webpage\",\"url\":\"https:\/\/swissoriginalcannabis.com\/product\/original-cbd-capsules\/\",\"name\":\"Original CBD Capsules - Swiss Original Cannabis\",\"isPartOf\":{\"@id\":\"https:\/\/swissoriginalcannabis.com\/#website\"},\"primaryImageOfPage\":{\"@id\":\"https:\/\/swissoriginalcannabis.com\/product\/original-cbd-capsules\/#primaryimage\"},\"datePublished\":\"2020-01-12T11:46:23+00:00\",\"dateModified\":\"2021-08-18T11:16:23+00:00\",\"description\":\"Organic full spectrum CBD Capsules 20mg | 3rd Party Lab Tested | Legal in EU | Certified, legal CBD to make the best CBD Capsules.\",\"breadcrumb\":{\"@id\":\"https:\/\/swissoriginalcannabis.com\/product\/original-cbd-capsules\/#breadcrumb\"},\"inLanguage\":\"de-CH\",\"potentialAction\":[{\"@type\":\"ReadAction\",\"target\":[\"https:\/\/swissoriginalcannabis.com\/product\/original-cbd-capsules\/\"]}]},{\"@type\":\"BreadcrumbList\",\"@id\":\"https:\/\/swissoriginalcannabis.com\/product\/original-cbd-capsules\/#breadcrumb\",\"itemListElement\":[{\"@type\":\"ListItem\",\"position\":1,\"name\":\"Home\",\"item\":\"https:\/\/swissoriginalcannabis.com\/\"},{\"@type\":\"ListItem\",\"position\":2,\"name\":\"Shop\",\"item\":\"https:\/\/swissoriginalcannabis.com\/shop\/\"},{\"@type\":\"ListItem\",\"position\":3,\"name\":\"Original CBD Capsules\"}]}]}<\/script>\n<!-- \/ Yoast SEO plugin. -->","yoast_head_json":{"title":"Original CBD Capsules - Swiss Original Cannabis","description":"Organic full spectrum CBD Capsules 20mg | 3rd Party Lab Tested | Legal in EU | Certified, legal CBD to make the best CBD Capsules.","robots":{"index":"index","follow":"follow","max-snippet":"max-snippet:-1","max-image-preview":"max-image-preview:large","max-video-preview":"max-video-preview:-1"},"canonical":"https:\/\/swissoriginalcannabis.com\/de\/produkt\/original-cbd-capsules\/","og_locale":"de_DE","og_type":"article","og_title":"Original CBD Capsules - Swiss Original Cannabis","og_description":"Organic full spectrum CBD Capsules 20mg | 3rd Party Lab Tested | Legal in EU | Certified, legal CBD to make the best CBD Capsules.","og_url":"https:\/\/swissoriginalcannabis.com\/de\/produkt\/original-cbd-capsules\/","og_site_name":"Swiss Original Cannabis","article_modified_time":"2021-08-18T11:16:23+00:00","og_image":[{"width":1500,"height":900,"url":"https:\/\/swissoriginalcannabis.com\/wp-content\/uploads\/2020\/04\/V6_CAPSULES_CAMERA_60_GLOBAL_80_TOP_ANGLE-Current-View.jpg","path":"\/var\/www\/swissoriginalcannabis.com\/html\/wp-content\/uploads\/2020\/04\/V6_CAPSULES_CAMERA_60_GLOBAL_80_TOP_ANGLE-Current-View.jpg","size":"full","id":1874,"alt":"","pixels":1350000,"type":"image\/jpeg"}],"twitter_card":"summary_large_image","schema":{"@context":"https:\/\/schema.org","@graph":[{"@type":"Organization","@id":"https:\/\/swissoriginalcannabis.com\/#organization","name":"Swiss Original Cannabis","url":"https:\/\/swissoriginalcannabis.com\/","sameAs":[],"logo":{"@type":"ImageObject","@id":"https:\/\/swissoriginalcannabis.com\/#logo","inLanguage":"de-CH","url":"https:\/\/swissoriginalcannabis.com\/wp-content\/uploads\/2019\/09\/swiss_logo_1920x1080.png","contentUrl":"https:\/\/swissoriginalcannabis.com\/wp-content\/uploads\/2019\/09\/swiss_logo_1920x1080.png","width":1920,"height":1080,"caption":"Swiss Original Cannabis"},"image":{"@id":"https:\/\/swissoriginalcannabis.com\/#logo"}},{"@type":"WebSite","@id":"https:\/\/swissoriginalcannabis.com\/#website","url":"https:\/\/swissoriginalcannabis.com\/","name":"Swiss Original Cannabis","description":"High quality CBD oil - Get Well, Not HIGH","publisher":{"@id":"https:\/\/swissoriginalcannabis.com\/#organization"},"potentialAction":[{"@type":"SearchAction","target":{"@type":"EntryPoint","urlTemplate":"https:\/\/swissoriginalcannabis.com\/?s={search_term_string}"},"query-input":"required name=search_term_string"}],"inLanguage":"de-CH"},{"@type":"ImageObject","@id":"https:\/\/swissoriginalcannabis.com\/product\/original-cbd-capsules\/#primaryimage","inLanguage":"de-CH","url":"https:\/\/swissoriginalcannabis.com\/wp-content\/uploads\/2020\/04\/V6_CAPSULES_CAMERA_60_GLOBAL_80_TOP_ANGLE-Current-View.jpg","contentUrl":"https:\/\/swissoriginalcannabis.com\/wp-content\/uploads\/2020\/04\/V6_CAPSULES_CAMERA_60_GLOBAL_80_TOP_ANGLE-Current-View.jpg","width":1500,"height":900},{"@type":"WebPage","@id":"https:\/\/swissoriginalcannabis.com\/product\/original-cbd-capsules\/#webpage","url":"https:\/\/swissoriginalcannabis.com\/product\/original-cbd-capsules\/","name":"Original CBD Capsules - Swiss Original Cannabis","isPartOf":{"@id":"https:\/\/swissoriginalcannabis.com\/#website"},"primaryImageOfPage":{"@id":"https:\/\/swissoriginalcannabis.com\/product\/original-cbd-capsules\/#primaryimage"},"datePublished":"2020-01-12T11:46:23+00:00","dateModified":"2021-08-18T11:16:23+00:00","description":"Organic full spectrum CBD Capsules 20mg | 3rd Party Lab Tested | Legal in EU | Certified, legal CBD to make the best CBD Capsules.","breadcrumb":{"@id":"https:\/\/swissoriginalcannabis.com\/product\/original-cbd-capsules\/#breadcrumb"},"inLanguage":"de-CH","potentialAction":[{"@type":"ReadAction","target":["https:\/\/swissoriginalcannabis.com\/product\/original-cbd-capsules\/"]}]},{"@type":"BreadcrumbList","@id":"https:\/\/swissoriginalcannabis.com\/product\/original-cbd-capsules\/#breadcrumb","itemListElement":[{"@type":"ListItem","position":1,"name":"Home","item":"https:\/\/swissoriginalcannabis.com\/"},{"@type":"ListItem","position":2,"name":"Shop","item":"https:\/\/swissoriginalcannabis.com\/shop\/"},{"@type":"ListItem","position":3,"name":"Original CBD Capsules"}]}]}},"_links":{"self":[{"href":"https:\/\/swissoriginalcannabis.com\/de\/wp-json\/wp\/v2\/product\/1485"}],"collection":[{"href":"https:\/\/swissoriginalcannabis.com\/de\/wp-json\/wp\/v2\/product"}],"about":[{"href":"https:\/\/swissoriginalcannabis.com\/de\/wp-json\/wp\/v2\/types\/product"}],"replies":[{"embeddable":true,"href":"https:\/\/swissoriginalcannabis.com\/de\/wp-json\/wp\/v2\/comments?post=1485"}],"wp:featuredmedia":[{"embeddable":true,"href":"https:\/\/swissoriginalcannabis.com\/de\/wp-json\/wp\/v2\/media\/1874"}],"wp:attachment":[{"href":"https:\/\/swissoriginalcannabis.com\/de\/wp-json\/wp\/v2\/media?parent=1485"}],"wp:term":[{"taxonomy":"product_cat","embeddable":true,"href":"https:\/\/swissoriginalcannabis.com\/de\/wp-json\/wp\/v2\/product_cat?post=1485"},{"taxonomy":"product_tag","embeddable":true,"href":"https:\/\/swissoriginalcannabis.com\/de\/wp-json\/wp\/v2\/product_tag?post=1485"}],"curies":[{"name":"wp","href":"https:\/\/api.w.org\/{rel}","templated":true}]}}